{"id":6073,"date":"2016-03-21T08:49:02","date_gmt":"2016-03-21T07:49:02","guid":{"rendered":"http:\/\/kreativeshobby.hu\/?page_id=6073"},"modified":"2017-05-23T08:32:16","modified_gmt":"2017-05-23T06:32:16","slug":"a-szerzoi-jogokrol","status":"publish","type":"page","link":"https:\/\/kreativeshobby.hu\/index.php\/a-szerzoi-jogokrol\/","title":{"rendered":"A szerz\u0151i jogokr\u00f3l"},"content":{"rendered":"<p>Kedves Olvas\u00f3im, Alkot\u00f3t\u00e1rsaim!<\/p>\n<p style=\"text-align: justify;\">Bejegyz\u00e9seimben saj\u00e1t munk\u00e1imat mutatom be abban a rem\u00e9nyben, hogy m\u00e1soknak is megtetszik \u00e9s szeretn\u00e9k elk\u00e9sz\u00edteni. Ehhez r\u00e9szletes \u00fatmutat\u00f3t adok. Saj\u00e1t \u00f6tleteimet, m\u00f3dszereimet saj\u00e1t f\u00e9nyk\u00e9pekkel illusztr\u00e1lva \u00edrom le. Minden esetben, ha k\u00fcls\u0151 forr\u00e1st vagy ak\u00e1r csak \u00f6tletet haszn\u00e1lok fel (akkor is, ha eg\u00e9szen m\u00e1st k\u00e9sz\u00edtek, csup\u00e1n ugr\u00f3deszk\u00e1nak, ihletnek haszn\u00e1lom fel m\u00e1sok munk\u00e1it), felt\u00fcntetem a bejegyz\u00e9s alj\u00e1n, d\u0151lt bet\u0171kkel a linket vagy egy\u00e9b form\u00e1tum\u00fa (pl. k\u00f6nyvet, \u00fajs\u00e1got) forr\u00e1st. Ebb\u0151l semminem\u0171 anyagi el\u0151ny\u00f6m nem sz\u00e1rmazik.<\/p>\n<p style=\"text-align: justify;\">K\u00e9rek mindenkit, aki a bejegyz\u00e9seim alapj\u00e1n elk\u00e9sz\u00edt valamit, hogy tartsa tiszteletben a szerz\u0151i jogaimat! Sok munk\u00e1m van ebben a honlapban \u00e9s a Kreat\u00edv+Hobby Alkot\u00f3m\u0171hely teljes honlapj\u00e1ra ugyan\u00fagy vonatkozik a\u00a0<em><span style=\"color: #333399;\"><a style=\"color: #333399;\" href=\"http:\/\/net.jogtar.hu\/szjt\" target=\"_blank\" rel=\"noopener noreferrer\">1999. \u00e9vi LXXVI. t\u00f6rv\u00e9ny &#8211; a szerz\u0151i jogr\u00f3l<\/a>\u00a0<\/span><\/em>sz\u00f3l\u00f3 t\u00f6rv\u00e9ny, mint b\u00e1rki m\u00e1sra. Ezt j\u00f3hiszem\u0171en betartom \u00e9s elv\u00e1rom, hogy engem is megtiszteljenek ezzel. Ez\u00e9rt k\u00e9rem, amennyiben valaki felhaszn\u00e1lja a bejegyz\u00e9seimet \u00e9s k\u00f6zz\u00e9 k\u00edv\u00e1nja tenni b\u00e1rmilyen form\u00e1ban, linkkel egy\u00fctt forr\u00e1sk\u00e9nt t\u00fcntesse fel! A nevezett t\u00f6rv\u00e9ny alapj\u00e1n az \u00f6tleteimet \u00e9s a felhaszn\u00e1l\u00e1sukkal k\u00e9sz\u00edtett term\u00e9keket p\u00e9nz\u00e9rt \u00e1rulni nem szabad.<\/p>\n<p style=\"text-align: justify;\">A Kreat\u00edv+Hobby Alkot\u00f3m\u0171hely honlapj\u00e1ra \u00e9s a fel\u00fclet\u00e9n tal\u00e1lhat\u00f3 tartalomra szint\u00e9n vonatkozik a <em><span style=\"color: #333399;\"><a style=\"color: #333399;\" href=\"https:\/\/creativecommons.org\/licenses\/by-nc-nd\/2.5\/hu\/\" target=\"_blank\" rel=\"noopener noreferrer\">Creative Common Nevezd meg! &#8211; Ne add el! &#8211; Ne v\u00e1ltoztasd! szerz\u0151i jogv\u00e9delemr\u0151l sz\u00f3l\u00f3 magyarorsz\u00e1gi t\u00f6rv\u00e9nye.<\/a>\u00a0<\/span><\/em><\/p>\n<figure id=\"attachment_8789\" aria-describedby=\"caption-attachment-8789\" style=\"width: 300px\" class=\"wp-caption alignright\"><a href=\"http:\/\/kreativeshobby.hu\/wp-content\/uploads\/2016\/03\/cc-by-nc-nd-logo.png\" rel=\"lightbox[6073]\"><img loading=\"lazy\" decoding=\"async\" class=\"size-medium wp-image-8789\" src=\"http:\/\/kreativeshobby.hu\/wp-content\/uploads\/2016\/03\/cc-by-nc-nd-logo-300x106.png\" alt=\"https:\/\/creativecommons.org\/licenses\/by-nc-nd\/2.5\/hu\/\" width=\"300\" height=\"106\" srcset=\"https:\/\/kreativeshobby.hu\/wp-content\/uploads\/2016\/03\/cc-by-nc-nd-logo-300x106.png 300w, https:\/\/kreativeshobby.hu\/wp-content\/uploads\/2016\/03\/cc-by-nc-nd-logo-148x52.png 148w, https:\/\/kreativeshobby.hu\/wp-content\/uploads\/2016\/03\/cc-by-nc-nd-logo-31x11.png 31w, https:\/\/kreativeshobby.hu\/wp-content\/uploads\/2016\/03\/cc-by-nc-nd-logo-38x13.png 38w, https:\/\/kreativeshobby.hu\/wp-content\/uploads\/2016\/03\/cc-by-nc-nd-logo-425x150.png 425w, https:\/\/kreativeshobby.hu\/wp-content\/uploads\/2016\/03\/cc-by-nc-nd-logo.png 746w\" sizes=\"auto, (max-width: 300px) 100vw, 300px\" \/><\/a><figcaption id=\"caption-attachment-8789\" class=\"wp-caption-text\">https:\/\/creativecommons.org\/licenses\/by-nc-nd\/2.5\/hu\/<\/figcaption><\/figure>\n<p style=\"text-align: justify;\">K\u00f6sz\u00f6n\u00f6m sz\u00e9pen a figyelmet \u00e9s k\u00f6sz\u00f6n\u00f6m sz\u00e9pen, hogy elismerik a szerz\u0151i jogaimat!<\/p>\n<p style=\"text-align: justify;\">Tisztelettel,\u00a0<\/p>\n<p style=\"text-align: justify;\">Ot\u00e1rtics \u00c9va<\/p>\n<!-- Facebook Page Plugin by Medust: http:\/\/medust.com -->\r\n\t\t<div class=\"fb-recommendations-bar\" data-href=\"https:\/\/kreativeshobby.hu\/index.php\/a-szerzoi-jogokrol\/\" data-read-time=\"25\" data-side=\"\" data-action=\"like\"><\/div><!-- Begin Yuzo --><div class='yuzo_related_post style-1'  data-version='5.12.80'><!-- without result --><div class='yuzo_clearfixed yuzo__title yuzo__title'><h3>Related Post<\/h3><\/div>\n\t\t\t\t\t\t  <div class=\"relatedthumb \" style=\"width:125px;float:left;overflow:hidden;\">  \n\t\t\t\t\t\t\t  \n\t\t\t\t\t\t\t  <a  href=\"https:\/\/kreativeshobby.hu\/index.php\/2016\/03\/10\/horgolt-kokarda-1\/\"  >\n\t\t\t\t\t\t\t\t\t  <div class=\"yuzo-img-wrap \" style=\"width: 125px;height:90px;\">\n\t\t\t\t\t\t\t\t\t\t\n\t\t\t\t\t\t\t\t\t\t<div class=\"yuzo-img\" style=\"background:url('https:\/\/kreativeshobby.hu\/wp-content\/uploads\/2016\/03\/20160310_200550-e1457638400559-150x150.jpg') 50% 50% no-repeat;width: 125px;height:90px;margin-bottom: 5px;background-size: cover; \"><\/div>\n\t\t\t\t\t\t\t\t\t  <\/div>\n\t\t\t\t\t\t\t\t\t  \n\t\t\t\t\t\t\t\t   <span class=\"yuzo__text--title\" style=\"font-size:13px;\">Horgolt kok\u00e1rda<\/span>\n\t\t\t\t\t\t\t  \n\t\t\t\t\t\t\t  \n\t\t\t\t\t\t\t  <\/a>\n\n\t\t\t\t\t\t  <\/div>\n\t\t\t\t\t\t  <div class=\"relatedthumb \" style=\"width:125px;float:left;overflow:hidden;\">  \n\t\t\t\t\t\t\t  \n\t\t\t\t\t\t\t  <a  href=\"https:\/\/kreativeshobby.hu\/index.php\/2016\/03\/10\/horgolt-tojastakaro-mintak-5\/\"  >\n\t\t\t\t\t\t\t\t\t  <div class=\"yuzo-img-wrap \" style=\"width: 125px;height:90px;\">\n\t\t\t\t\t\t\t\t\t\t\n\t\t\t\t\t\t\t\t\t\t<div class=\"yuzo-img\" style=\"background:url('https:\/\/kreativeshobby.hu\/wp-content\/uploads\/2016\/03\/20160310_105431-e1457645055254-150x150.jpg') 50% 50% no-repeat;width: 125px;height:90px;margin-bottom: 5px;background-size: cover; \"><\/div>\n\t\t\t\t\t\t\t\t\t  <\/div>\n\t\t\t\t\t\t\t\t\t  \n\t\t\t\t\t\t\t\t   <span class=\"yuzo__text--title\" style=\"font-size:13px;\">Horgolt toj\u00e1stakar\u00f3 mint\u00e1k 5.<\/span>\n\t\t\t\t\t\t\t  \n\t\t\t\t\t\t\t  \n\t\t\t\t\t\t\t  <\/a>\n\n\t\t\t\t\t\t  <\/div>\n\t\t\t\t\t\t  <div class=\"relatedthumb \" style=\"width:125px;float:left;overflow:hidden;\">  \n\t\t\t\t\t\t\t  \n\t\t\t\t\t\t\t  <a  href=\"https:\/\/kreativeshobby.hu\/index.php\/2017\/04\/05\/horgolt-barany-nupp-mintaval-2\/\"  >\n\t\t\t\t\t\t\t\t\t  <div class=\"yuzo-img-wrap \" style=\"width: 125px;height:90px;\">\n\t\t\t\t\t\t\t\t\t\t\n\t\t\t\t\t\t\t\t\t\t<div class=\"yuzo-img\" style=\"background:url('https:\/\/kreativeshobby.hu\/wp-content\/uploads\/2017\/04\/20170405_120312-e1491422256959-150x150.jpg') 50% 50% no-repeat;width: 125px;height:90px;margin-bottom: 5px;background-size: cover; \"><\/div>\n\t\t\t\t\t\t\t\t\t  <\/div>\n\t\t\t\t\t\t\t\t\t  \n\t\t\t\t\t\t\t\t   <span class=\"yuzo__text--title\" style=\"font-size:13px;\">Horgolt b\u00e1r\u00e1ny, az ari \u00f6ri-bari \ud83d\ude42 2.<\/span>\n\t\t\t\t\t\t\t  \n\t\t\t\t\t\t\t  \n\t\t\t\t\t\t\t  <\/a>\n\n\t\t\t\t\t\t  <\/div>\n\t\t\t\t\t\t  <div class=\"relatedthumb \" style=\"width:125px;float:left;overflow:hidden;\">  \n\t\t\t\t\t\t\t  \n\t\t\t\t\t\t\t  <a  href=\"https:\/\/kreativeshobby.hu\/index.php\/2016\/04\/01\/belteri-tunderkert-torott-viragcserepbol\/\"  >\n\t\t\t\t\t\t\t\t\t  <div class=\"yuzo-img-wrap \" style=\"width: 125px;height:90px;\">\n\t\t\t\t\t\t\t\t\t\t\n\t\t\t\t\t\t\t\t\t\t<div class=\"yuzo-img\" style=\"background:url('https:\/\/kreativeshobby.hu\/wp-content\/uploads\/2016\/04\/11-150x150.jpg') 50% 50% no-repeat;width: 125px;height:90px;margin-bottom: 5px;background-size: cover; \"><\/div>\n\t\t\t\t\t\t\t\t\t  <\/div>\n\t\t\t\t\t\t\t\t\t  \n\t\t\t\t\t\t\t\t   <span class=\"yuzo__text--title\" style=\"font-size:13px;\">Belt\u00e9ri t\u00fcnd\u00e9rkert t\u00f6r\u00f6tt vir\u00e1gcser\u00e9pb\u0151l<\/span>\n\t\t\t\t\t\t\t  \n\t\t\t\t\t\t\t  \n\t\t\t\t\t\t\t  <\/a>\n\n\t\t\t\t\t\t  <\/div>\n<\/div> <style>\n\t\t\t\t\t\t\t\t.yuzo_related_post img{width:120px !important; height:110px !important;}\n\t\t\t\t\t\t\t\t.yuzo_related_post .relatedthumb{line-height:15px;background: !important;color:!important;}\n\t\t\t\t\t\t\t\t.yuzo_related_post .relatedthumb:hover{background:#fcfcf4 !important; -webkit-transition: background 0.2s linear; -moz-transition: background 0.2s linear; -o-transition: background 0.2s linear; transition: background 0.2s linear;;color:!important;}\n\t\t\t\t\t\t\t\t.yuzo_related_post .relatedthumb a{color:!important;}\n\t\t\t\t\t\t\t\t.yuzo_related_post .relatedthumb a:hover{ color:}!important;}\n\t\t\t\t\t\t\t\t.yuzo_related_post .relatedthumb:hover a{ color:!important;}\n\t\t\t\t\t\t\t\t.yuzo_related_post .yuzo_text {color:!important;}\n\t\t\t\t\t\t\t\t.yuzo_related_post .relatedthumb:hover .yuzo_text {color:!important;}\n\t\t\t\t\t\t\t\t.yuzo_related_post .relatedthumb{  margin: 0px  0px  0px  0px;   padding: 5px  5px  5px  5px;  }\n\t\t\t\t\t\t\t\t\n\t\t\t\t\t\t\t\t<\/style> <script>\n\t\t\t\t\t\t  jQuery(document).ready(function( $ ){\n\t\t\t\t\t\t\t\/\/jQuery('.yuzo_related_post').equalizer({ overflow : 'relatedthumb' });\n\t\t\t\t\t\t\tjQuery('.yuzo_related_post .yuzo_wraps').equalizer({ columns : '> div' });\n\t\t\t\t\t\t   })\n\t\t\t\t\t\t  <\/script> <!-- End Yuzo :) -->","protected":false},"excerpt":{"rendered":"<p>Kedves Olvas\u00f3im, Alkot\u00f3t\u00e1rsaim! Bejegyz\u00e9seimben saj\u00e1t munk\u00e1imat mutatom be abban a rem\u00e9nyben, hogy m\u00e1soknak is megtetszik \u00e9s szeretn\u00e9k elk\u00e9sz\u00edteni. Ehhez r\u00e9szletes \u00fatmutat\u00f3t adok. Saj\u00e1t \u00f6tleteimet, m\u00f3dszereimet&#8230;<\/p>\n<p><a class='more-link' href='https:\/\/kreativeshobby.hu\/index.php\/a-szerzoi-jogokrol\/'>Olvass tov\u00e1bb<span class='screen-reader-text'>A szerz\u0151i jogokr\u00f3l<\/span><\/a><\/p>","protected":false},"author":4,"featured_media":0,"parent":0,"menu_order":0,"comment_status":"closed","ping_status":"closed","template":"","meta":{"_mi_skip_tracking":false,"_exactmetrics_sitenote_active":false,"_exactmetrics_sitenote_note":"","_exactmetrics_sitenote_category":0,"footnotes":""},"class_list":["post-6073","page","type-page","status-publish","hentry","entry"],"yoast_head":"<!-- This site is optimized with the Yoast SEO plugin v21.2 - https:\/\/yoast.com\/wordpress\/plugins\/seo\/ -->\n<title>A szerz\u0151i jogokr\u00f3l - Kreat\u00edv+Hobby Alkot\u00f3m\u0171hely<\/title>\n<meta name=\"robots\" content=\"index, follow, max-snippet:-1, max-image-preview:large, max-video-preview:-1\" \/>\n<link rel=\"canonical\" href=\"https:\/\/kreativeshobby.hu\/index.php\/a-szerzoi-jogokrol\/\" \/>\n<meta property=\"og:locale\" content=\"hu_HU\" \/>\n<meta property=\"og:type\" content=\"article\" \/>\n<meta property=\"og:title\" content=\"A szerz\u0151i jogokr\u00f3l - Kreat\u00edv+Hobby Alkot\u00f3m\u0171hely\" \/>\n<meta property=\"og:description\" content=\"Kedves Olvas\u00f3im, Alkot\u00f3t\u00e1rsaim! Bejegyz\u00e9seimben saj\u00e1t munk\u00e1imat mutatom be abban a rem\u00e9nyben, hogy m\u00e1soknak is megtetszik \u00e9s szeretn\u00e9k elk\u00e9sz\u00edteni. Ehhez r\u00e9szletes \u00fatmutat\u00f3t adok. Saj\u00e1t \u00f6tleteimet, m\u00f3dszereimet&#8230;\" \/>\n<meta property=\"og:url\" content=\"https:\/\/kreativeshobby.hu\/index.php\/a-szerzoi-jogokrol\/\" \/>\n<meta property=\"og:site_name\" content=\"Kreat\u00edv+Hobby Alkot\u00f3m\u0171hely\" \/>\n<meta property=\"article:modified_time\" content=\"2017-05-23T06:32:16+00:00\" \/>\n<meta property=\"og:image\" content=\"http:\/\/kreativeshobby.hu\/wp-content\/uploads\/2016\/03\/cc-by-nc-nd-logo-300x106.png\" \/>\n<meta name=\"twitter:card\" content=\"summary_large_image\" \/>\n<meta name=\"twitter:label1\" content=\"Becs\u00fclt olvas\u00e1si id\u0151\" \/>\n\t<meta name=\"twitter:data1\" content=\"2 perc\" \/>\n<script type=\"application\/ld+json\" class=\"yoast-schema-graph\">{\"@context\":\"https:\/\/schema.org\",\"@graph\":[{\"@type\":\"WebPage\",\"@id\":\"https:\/\/kreativeshobby.hu\/index.php\/a-szerzoi-jogokrol\/\",\"url\":\"https:\/\/kreativeshobby.hu\/index.php\/a-szerzoi-jogokrol\/\",\"name\":\"A szerz\u0151i jogokr\u00f3l - Kreat\u00edv+Hobby Alkot\u00f3m\u0171hely\",\"isPartOf\":{\"@id\":\"https:\/\/kreativeshobby.hu\/#website\"},\"datePublished\":\"2016-03-21T07:49:02+00:00\",\"dateModified\":\"2017-05-23T06:32:16+00:00\",\"breadcrumb\":{\"@id\":\"https:\/\/kreativeshobby.hu\/index.php\/a-szerzoi-jogokrol\/#breadcrumb\"},\"inLanguage\":\"hu\",\"potentialAction\":[{\"@type\":\"ReadAction\",\"target\":[\"https:\/\/kreativeshobby.hu\/index.php\/a-szerzoi-jogokrol\/\"]}]},{\"@type\":\"BreadcrumbList\",\"@id\":\"https:\/\/kreativeshobby.hu\/index.php\/a-szerzoi-jogokrol\/#breadcrumb\",\"itemListElement\":[{\"@type\":\"ListItem\",\"position\":1,\"name\":\"Kezd\u0151lap\",\"item\":\"https:\/\/kreativeshobby.hu\/\"},{\"@type\":\"ListItem\",\"position\":2,\"name\":\"A szerz\u0151i jogokr\u00f3l\"}]},{\"@type\":\"WebSite\",\"@id\":\"https:\/\/kreativeshobby.hu\/#website\",\"url\":\"https:\/\/kreativeshobby.hu\/\",\"name\":\"Kreat\u00edv+Hobby Alkot\u00f3m\u0171hely\",\"description\":\"Ingyenes horgol\u00e1s mint\u00e1k     |     kreat\u00edv hobby-technik\u00e1k     |     j\u00f3l bev\u00e1lt s\u00fcti receptek\",\"potentialAction\":[{\"@type\":\"SearchAction\",\"target\":{\"@type\":\"EntryPoint\",\"urlTemplate\":\"https:\/\/kreativeshobby.hu\/?s={search_term_string}\"},\"query-input\":\"required name=search_term_string\"}],\"inLanguage\":\"hu\"}]}<\/script>\n<!-- \/ Yoast SEO plugin. -->","yoast_head_json":{"title":"A szerz\u0151i jogokr\u00f3l - Kreat\u00edv+Hobby Alkot\u00f3m\u0171hely","robots":{"index":"index","follow":"follow","max-snippet":"max-snippet:-1","max-image-preview":"max-image-preview:large","max-video-preview":"max-video-preview:-1"},"canonical":"https:\/\/kreativeshobby.hu\/index.php\/a-szerzoi-jogokrol\/","og_locale":"hu_HU","og_type":"article","og_title":"A szerz\u0151i jogokr\u00f3l - Kreat\u00edv+Hobby Alkot\u00f3m\u0171hely","og_description":"Kedves Olvas\u00f3im, Alkot\u00f3t\u00e1rsaim! Bejegyz\u00e9seimben saj\u00e1t munk\u00e1imat mutatom be abban a rem\u00e9nyben, hogy m\u00e1soknak is megtetszik \u00e9s szeretn\u00e9k elk\u00e9sz\u00edteni. Ehhez r\u00e9szletes \u00fatmutat\u00f3t adok. Saj\u00e1t \u00f6tleteimet, m\u00f3dszereimet&#8230;","og_url":"https:\/\/kreativeshobby.hu\/index.php\/a-szerzoi-jogokrol\/","og_site_name":"Kreat\u00edv+Hobby Alkot\u00f3m\u0171hely","article_modified_time":"2017-05-23T06:32:16+00:00","og_image":[{"url":"http:\/\/kreativeshobby.hu\/wp-content\/uploads\/2016\/03\/cc-by-nc-nd-logo-300x106.png"}],"twitter_card":"summary_large_image","twitter_misc":{"Becs\u00fclt olvas\u00e1si id\u0151":"2 perc"},"schema":{"@context":"https:\/\/schema.org","@graph":[{"@type":"WebPage","@id":"https:\/\/kreativeshobby.hu\/index.php\/a-szerzoi-jogokrol\/","url":"https:\/\/kreativeshobby.hu\/index.php\/a-szerzoi-jogokrol\/","name":"A szerz\u0151i jogokr\u00f3l - Kreat\u00edv+Hobby Alkot\u00f3m\u0171hely","isPartOf":{"@id":"https:\/\/kreativeshobby.hu\/#website"},"datePublished":"2016-03-21T07:49:02+00:00","dateModified":"2017-05-23T06:32:16+00:00","breadcrumb":{"@id":"https:\/\/kreativeshobby.hu\/index.php\/a-szerzoi-jogokrol\/#breadcrumb"},"inLanguage":"hu","potentialAction":[{"@type":"ReadAction","target":["https:\/\/kreativeshobby.hu\/index.php\/a-szerzoi-jogokrol\/"]}]},{"@type":"BreadcrumbList","@id":"https:\/\/kreativeshobby.hu\/index.php\/a-szerzoi-jogokrol\/#breadcrumb","itemListElement":[{"@type":"ListItem","position":1,"name":"Kezd\u0151lap","item":"https:\/\/kreativeshobby.hu\/"},{"@type":"ListItem","position":2,"name":"A szerz\u0151i jogokr\u00f3l"}]},{"@type":"WebSite","@id":"https:\/\/kreativeshobby.hu\/#website","url":"https:\/\/kreativeshobby.hu\/","name":"Kreat\u00edv+Hobby Alkot\u00f3m\u0171hely","description":"Ingyenes horgol\u00e1s mint\u00e1k     |     kreat\u00edv hobby-technik\u00e1k     |     j\u00f3l bev\u00e1lt s\u00fcti receptek","potentialAction":[{"@type":"SearchAction","target":{"@type":"EntryPoint","urlTemplate":"https:\/\/kreativeshobby.hu\/?s={search_term_string}"},"query-input":"required name=search_term_string"}],"inLanguage":"hu"}]}},"_links":{"self":[{"href":"https:\/\/kreativeshobby.hu\/index.php\/wp-json\/wp\/v2\/pages\/6073","targetHints":{"allow":["GET"]}}],"collection":[{"href":"https:\/\/kreativeshobby.hu\/index.php\/wp-json\/wp\/v2\/pages"}],"about":[{"href":"https:\/\/kreativeshobby.hu\/index.php\/wp-json\/wp\/v2\/types\/page"}],"author":[{"embeddable":true,"href":"https:\/\/kreativeshobby.hu\/index.php\/wp-json\/wp\/v2\/users\/4"}],"replies":[{"embeddable":true,"href":"https:\/\/kreativeshobby.hu\/index.php\/wp-json\/wp\/v2\/comments?post=6073"}],"version-history":[{"count":5,"href":"https:\/\/kreativeshobby.hu\/index.php\/wp-json\/wp\/v2\/pages\/6073\/revisions"}],"predecessor-version":[{"id":8791,"href":"https:\/\/kreativeshobby.hu\/index.php\/wp-json\/wp\/v2\/pages\/6073\/revisions\/8791"}],"wp:attachment":[{"href":"https:\/\/kreativeshobby.hu\/index.php\/wp-json\/wp\/v2\/media?parent=6073"}],"curies":[{"name":"wp","href":"https:\/\/api.w.org\/{rel}","templated":true}]}}