{"id":3981,"date":"2015-12-07T22:51:37","date_gmt":"2015-12-07T21:51:37","guid":{"rendered":"http:\/\/kreativeshobby.hu\/?page_id=3981"},"modified":"2015-12-07T23:02:21","modified_gmt":"2015-12-07T22:02:21","slug":"bemutatkozas","status":"publish","type":"page","link":"https:\/\/kreativeshobby.hu\/index.php\/kreativhobby-alkotomuhely\/bemutatkozas\/","title":{"rendered":"Bemutatkoz\u00e1s"},"content":{"rendered":"<h2>\u00a0<\/h2>\n<h1>Kedves L\u00e1togat\u00f3!<\/h1>\n<p>&nbsp;<\/p>\n<p style=\"text-align: justify;\">K\u00f6sz\u00f6n\u00f6m sz\u00e9pen sz\u00edves \u00e9rdekl\u0151d\u00e9s\u00e9t a munk\u00e1m ir\u00e1nt, mely egyben a hobbim is.<\/p>\n<p style=\"text-align: justify;\">Kreat\u00edv+Hobby blogomat tavaly ind\u00edtottam \u00fatj\u00e1ra azzal a c\u00e9llal, hogy \u00f6tleteket \u00e9s egy kis fell\u00e9legz\u00e9st adjak a velem egy cip\u0151ben j\u00e1r\u00f3 kisgyermekes anyuk\u00e1knak, fiatal h\u00e1ziasszonyoknak, ifj\u00fa feles\u00e9geknek.<\/p>\n<figure id=\"attachment_2409\" class=\"wp-caption alignright\"><a href=\"http:\/\/kreativeshobby.hu\/wp-content\/uploads\/2015\/10\/20151021_223701.jpg\"  rel=\"lightbox[3981] attachment wp-att-2409\"><img loading=\"lazy\" decoding=\"async\" class=\"size-medium wp-image-2409\" src=\"http:\/\/kreativeshobby.hu\/wp-content\/uploads\/2015\/10\/20151021_223701-300x169.jpg\" alt=\"M\u0171hely\" width=\"300\" height=\"169\" srcset=\"https:\/\/kreativeshobby.hu\/wp-content\/uploads\/2015\/10\/20151021_223701-300x169.jpg 300w, https:\/\/kreativeshobby.hu\/wp-content\/uploads\/2015\/10\/20151021_223701-1024x576.jpg 1024w, https:\/\/kreativeshobby.hu\/wp-content\/uploads\/2015\/10\/20151021_223701-148x83.jpg 148w, https:\/\/kreativeshobby.hu\/wp-content\/uploads\/2015\/10\/20151021_223701-31x17.jpg 31w, https:\/\/kreativeshobby.hu\/wp-content\/uploads\/2015\/10\/20151021_223701-38x21.jpg 38w, https:\/\/kreativeshobby.hu\/wp-content\/uploads\/2015\/10\/20151021_223701-382x215.jpg 382w\" sizes=\"auto, (max-width: 300px) 100vw, 300px\" \/><\/a><figcaption class=\"wp-caption-text\">M\u0171hely<\/figcaption><\/figure>\n<p style=\"text-align: justify;\">Az elm\u00falt hat \u00e9vben t\u00f6bbf\u00e9le kreat\u00edv hobby-technik\u00e1t kipr\u00f3b\u00e1ltam, internetr\u0151l megtanultam horgolni \u00e9s tort\u00e1kat s\u00fctni. Ez ut\u00f3bbi kett\u0151 a nagy kedvencem, de a honlapomon term\u00e9szetesen m\u00e1s ir\u00e1nyvonalakat \u00e9s \u00f6tleteket is felsorakoztatok. Igyekszem egyszer\u0171bb \u00e9s bonyolultabb, modern \u00e9s\u00a0klasszikus, valamint szezon\u00e1lis holmik elk\u00e9sz\u00edt\u00e9s\u00e9t bemutatni r\u00e9szletes le\u00edr\u00e1sokkal \u00e9s k\u00e9pekkel f\u0171szerezve, mert ezek hi\u00e1nyoztak a legjobban egy-egy t\u00e9m\u00e1ban, melyeket kutattam, m\u00edg terveztem \u00e9s gondolkoztam, hogyan is val\u00f3s\u00edthatn\u00e1m meg az elk\u00e9pzel\u00e9seimet. Minden bejegyz\u00e9s m\u00f6g\u00f6tt gondos ut\u00e1naj\u00e1r\u00e1s \u00e9s k\u00eds\u00e9rletezget\u00e9s \u00e1ll, komoly, lelkiismeretes alkot\u00f3i munka \u00e9s t\u00f6bbs\u00e9g\u00e9ben saj\u00e1t \u00f6tletek saj\u00e1t f\u00e9nyk\u00e9pekkel, de az alap\u00f6tletet ad\u00f3 forr\u00e1st minden esetben felt\u00fcntetem, amennyiben m\u00e1s szellemi munk\u00e1j\u00e1t b\u00e1rmilyen szinten felhaszn\u00e1ltam.\u00a0<\/p>\n<figure id=\"attachment_2408\" class=\"wp-caption alignright\"><a href=\"http:\/\/kreativeshobby.hu\/wp-content\/uploads\/2015\/10\/20151019_175515.jpg\"  rel=\"lightbox[3981] attachment wp-att-2408\"><img loading=\"lazy\" decoding=\"async\" class=\"size-medium wp-image-2408\" src=\"http:\/\/kreativeshobby.hu\/wp-content\/uploads\/2015\/10\/20151019_175515-300x169.jpg\" alt=\"Pinat\u00e1t k\u00e9sz\u00edt\u00fcnk J\u00e1zminnal\" width=\"300\" height=\"169\" srcset=\"https:\/\/kreativeshobby.hu\/wp-content\/uploads\/2015\/10\/20151019_175515-300x169.jpg 300w, https:\/\/kreativeshobby.hu\/wp-content\/uploads\/2015\/10\/20151019_175515-1024x576.jpg 1024w, https:\/\/kreativeshobby.hu\/wp-content\/uploads\/2015\/10\/20151019_175515-148x83.jpg 148w, https:\/\/kreativeshobby.hu\/wp-content\/uploads\/2015\/10\/20151019_175515-31x17.jpg 31w, https:\/\/kreativeshobby.hu\/wp-content\/uploads\/2015\/10\/20151019_175515-38x21.jpg 38w, https:\/\/kreativeshobby.hu\/wp-content\/uploads\/2015\/10\/20151019_175515-382x215.jpg 382w, https:\/\/kreativeshobby.hu\/wp-content\/uploads\/2015\/10\/20151019_175515.jpg 1920w\" sizes=\"auto, (max-width: 300px) 100vw, 300px\" \/><\/a><figcaption class=\"wp-caption-text\">Pinat\u00e1t k\u00e9sz\u00edt\u00fcnk J\u00e1zminnal<\/figcaption><\/figure>\n<p style=\"text-align: justify;\">Nagyon szeretem az egyedi, n\u0151ies, eleg\u00e1ns holmikat \u00e9s a vid\u00e1m, hars\u00e1ny sz\u00edn\u0171, gyermekeknek sz\u00e1nt t\u00e1rgyakat.Szeretem, hogy az otthonom bar\u00e1ts\u00e1gos, sz\u00ednes \u00e9s nem h\u00e9tk\u00f6znapi k\u00e9zm\u0171ves t\u00e1rgyakkal d\u00edsz\u00edtett, az oly\u2019 gyakran sz\u00e1llong\u00f3 s\u00fctiillatnak k\u00f6sz\u00f6nhet\u0151en pedig m\u00e9rhetetlen\u00fcl otthonos <img loading=\"lazy\" decoding=\"async\" class=\"wp-smiley\" src=\"http:\/\/kreativeshobby.hu\/wp-includes\/images\/smilies\/simple-smile.png\" alt=\":-)\" width=\"18\" height=\"18\" \/> . Mindezt az \u00f6tleteimmel \u00e9s a munk\u00e1mmal alak\u00edtottam ilyenn\u00e9 \u00e9s rem\u00e9lem, hogy ezeket bemutatva m\u00e1sok is kedvet kapnak az alkot\u00e1sra vagy a s\u00fctis\u00fct\u00e9sre. Hangs\u00falyozom, hogy ez nem egy receptes blog, puszt\u00e1n az \u00faj, eg\u00e9szs\u00e9ges vagy j\u00f3l bev\u00e1lt, mindig sikert arat\u00f3 receptjeimet osztom meg az Olvas\u00f3kkal.\u00a0<\/p>\n<p style=\"text-align: justify;\">A horgol\u00e1s \u00e9s s\u00fct\u00e9s mellett remek kih\u00edv\u00e1snak tartom az \u00fajrahasznos\u00edt\u00e1s t\u00e9mak\u00f6r\u00e9t. A szememben a legt\u00f6bb limlom, melyek itthon elvesz\u00edtett\u00e9k a funkci\u00f3jukat vagy nem alkalmasak m\u00e1r az eredeti feladatk\u00f6r\u00fck bet\u00f6lt\u00e9s\u00e9re, nem szem\u00e9tnek sz\u00e1m\u00edtanak, hanem alapanyagnak, valami \u00faj kezdet\u00e9nek.<\/p>\n<p style=\"text-align: justify;\">Emellett nagy hangs\u00falyt fektetek arra, hogy a Magyarorsz\u00e1gon m\u00e9g nem elterjedt, \u00edgy magyar nyelven nem el\u00e9rhet\u0151 t\u00e9m\u00e1kat bemutassam, illetve a horgol\u00e1si mint\u00e1kat, melyeket haszn\u00e1lok\u00a0(angol\/orosz\/jap\u00e1n), szint\u00e9n\u00a0magyarra ford\u00edtva \u00edrom le, hogy b\u00e1rki sz\u00e1m\u00e1ra \u00e9rthet\u0151 legyen.<\/p>\n<p style=\"text-align: justify;\">Rem\u00e9lem, hogy mindenki tal\u00e1l az \u00edzl\u00e9s\u00e9nek megfelel\u0151 holmit, melyet a le\u00edr\u00e1saim alapj\u00e1n elk\u00e9sz\u00edthet. Sosem tudom el\u00e9gg\u00e9 hangs\u00falyozni, hogy a legt\u00f6bb t\u00e1rgy elk\u00e9sz\u00edt\u00e9s\u00e9hez nem kell k\u00fcl\u00f6n\u00f6sebb k\u00e9z\u00fcgyess\u00e9g, csak kitart\u00e1s \u00e9s t\u00fcrelem. Mindenkit arra buzd\u00edtok, hogy ugr\u00f3deszk\u00e1nak haszn\u00e1lja a bejegyz\u00e9seimet, b\u00e1tran dolgozza bele a saj\u00e1t elk\u00e9pzel\u00e9seit!<\/p>\n<p style=\"text-align: justify;\">Online boltom\u00a0el\u00e9rhet\u0151v\u00e9 v\u00e1lt, olyan term\u00e9kek szerepelnek benne, melyeket azonnal, vagy 1-2 napos munka ut\u00e1n tudok sz\u00e1ll\u00edttatni. Ha valakinek tetszenek az alkot\u00e1saim, de nincs t\u00fcrelme, ideje vagy kedve elk\u00e9sz\u00edteni \u0151ket, \u00e9n nagyon sz\u00edvesen elk\u00e9sz\u00edtem neki. Aki az \u00e9n term\u00e9keimet v\u00e1lasztja, egyedi, lelkiismeretes munk\u00e1val, k\u00e9zzel k\u00e9sz\u00fclt term\u00e9ket v\u00e1laszt.<\/p>\n<p>\u00dcdv\u00f6zlettel,<a href=\"http:\/\/kreativeshobby.hu\/wp-content\/uploads\/2015\/10\/20151010_165930-e1445464285843.jpg\" rel=\"lightbox[2402]\"><img loading=\"lazy\" decoding=\"async\" class=\"size-medium wp-image-2407 aligncenter\" src=\"http:\/\/kreativeshobby.hu\/wp-content\/uploads\/2015\/10\/20151010_165930-e1445464285843-135x300.jpg\" alt=\"20151010_165930\" width=\"135\" height=\"300\" srcset=\"https:\/\/kreativeshobby.hu\/wp-content\/uploads\/2015\/10\/20151010_165930-e1445464285843-135x300.jpg 135w, https:\/\/kreativeshobby.hu\/wp-content\/uploads\/2015\/10\/20151010_165930-e1445464285843-461x1024.jpg 461w, https:\/\/kreativeshobby.hu\/wp-content\/uploads\/2015\/10\/20151010_165930-e1445464285843-67x148.jpg 67w, https:\/\/kreativeshobby.hu\/wp-content\/uploads\/2015\/10\/20151010_165930-e1445464285843-14x31.jpg 14w, https:\/\/kreativeshobby.hu\/wp-content\/uploads\/2015\/10\/20151010_165930-e1445464285843-17x38.jpg 17w, https:\/\/kreativeshobby.hu\/wp-content\/uploads\/2015\/10\/20151010_165930-e1445464285843-97x215.jpg 97w, https:\/\/kreativeshobby.hu\/wp-content\/uploads\/2015\/10\/20151010_165930-e1445464285843.jpg 1215w\" sizes=\"auto, (max-width: 135px) 100vw, 135px\" \/><\/a><\/p>\n<h2>Ot\u00e1rtics \u00c9va<\/h2>\n<p><a href=\"http:\/\/kreativeshobby.hu\/wp-content\/uploads\/2015\/12\/elfogad\u00e1s.jpg\" rel=\"lightbox[3981]\"><img loading=\"lazy\" decoding=\"async\" class=\"alignright wp-image-3982 size-thumbnail\" src=\"http:\/\/kreativeshobby.hu\/wp-content\/uploads\/2015\/12\/elfogad\u00e1s-150x150.jpg\" alt=\"\" width=\"150\" height=\"150\" \/><\/a><\/p>\n<!-- Facebook Page Plugin by Medust: http:\/\/medust.com -->\r\n\t\t<div class=\"fb-recommendations-bar\" data-href=\"https:\/\/kreativeshobby.hu\/index.php\/kreativhobby-alkotomuhely\/bemutatkozas\/\" data-read-time=\"25\" data-side=\"\" data-action=\"like\"><\/div><!-- Begin Yuzo --><div class='yuzo_related_post style-1'  data-version='5.12.80'><!-- without result --><div class='yuzo_clearfixed yuzo__title yuzo__title'><h3>Related Post<\/h3><\/div>\n\t\t\t\t\t\t  <div class=\"relatedthumb \" style=\"width:125px;float:left;overflow:hidden;\">  \n\t\t\t\t\t\t\t  \n\t\t\t\t\t\t\t  <a  href=\"https:\/\/kreativeshobby.hu\/index.php\/2016\/04\/28\/horgolt-kardigan-egyszeruen-es-otletesen\/\"  >\n\t\t\t\t\t\t\t\t\t  <div class=\"yuzo-img-wrap \" style=\"width: 125px;height:90px;\">\n\t\t\t\t\t\t\t\t\t\t\n\t\t\t\t\t\t\t\t\t\t<div class=\"yuzo-img\" style=\"background:url('https:\/\/kreativeshobby.hu\/wp-content\/uploads\/2016\/04\/4-150x150.jpg') 50% 50% no-repeat;width: 125px;height:90px;margin-bottom: 5px;background-size: cover; \"><\/div>\n\t\t\t\t\t\t\t\t\t  <\/div>\n\t\t\t\t\t\t\t\t\t  \n\t\t\t\t\t\t\t\t   <span class=\"yuzo__text--title\" style=\"font-size:13px;\">Horgolt kardig\u00e1n egyszer\u0171en \u00e9s \u00f6tletesen (shrug)...<\/span>\n\t\t\t\t\t\t\t  \n\t\t\t\t\t\t\t  \n\t\t\t\t\t\t\t  <\/a>\n\n\t\t\t\t\t\t  <\/div>\n\t\t\t\t\t\t  <div class=\"relatedthumb \" style=\"width:125px;float:left;overflow:hidden;\">  \n\t\t\t\t\t\t\t  \n\t\t\t\t\t\t\t  <a  href=\"https:\/\/kreativeshobby.hu\/index.php\/2016\/03\/02\/horgolt-husveti-diszek-tojasfara-2-himes-tojas\/\"  >\n\t\t\t\t\t\t\t\t\t  <div class=\"yuzo-img-wrap \" style=\"width: 125px;height:90px;\">\n\t\t\t\t\t\t\t\t\t\t\n\t\t\t\t\t\t\t\t\t\t<div class=\"yuzo-img\" style=\"background:url('https:\/\/kreativeshobby.hu\/wp-content\/uploads\/2016\/03\/20160304_085957-e1457106052401-150x150.jpg') 50% 50% no-repeat;width: 125px;height:90px;margin-bottom: 5px;background-size: cover; \"><\/div>\n\t\t\t\t\t\t\t\t\t  <\/div>\n\t\t\t\t\t\t\t\t\t  \n\t\t\t\t\t\t\t\t   <span class=\"yuzo__text--title\" style=\"font-size:13px;\">Horgolt h\u00fasv\u00e9ti d\u00edszek toj\u00e1sf\u00e1ra 2.: h\u00edmes toj\u00e1s...<\/span>\n\t\t\t\t\t\t\t  \n\t\t\t\t\t\t\t  \n\t\t\t\t\t\t\t  <\/a>\n\n\t\t\t\t\t\t  <\/div>\n\t\t\t\t\t\t  <div class=\"relatedthumb \" style=\"width:125px;float:left;overflow:hidden;\">  \n\t\t\t\t\t\t\t  \n\t\t\t\t\t\t\t  <a  href=\"https:\/\/kreativeshobby.hu\/index.php\/2016\/01\/26\/fekete-feher-keksztekercs\/\"  >\n\t\t\t\t\t\t\t\t\t  <div class=\"yuzo-img-wrap \" style=\"width: 125px;height:90px;\">\n\t\t\t\t\t\t\t\t\t\t\n\t\t\t\t\t\t\t\t\t\t<div class=\"yuzo-img\" style=\"background:url('https:\/\/kreativeshobby.hu\/wp-content\/uploads\/2016\/01\/20160126_152127-e1453819835468-150x150.jpg') 50% 50% no-repeat;width: 125px;height:90px;margin-bottom: 5px;background-size: cover; \"><\/div>\n\t\t\t\t\t\t\t\t\t  <\/div>\n\t\t\t\t\t\t\t\t\t  \n\t\t\t\t\t\t\t\t   <span class=\"yuzo__text--title\" style=\"font-size:13px;\">Fekete-feh\u00e9r keksztekercs<\/span>\n\t\t\t\t\t\t\t  \n\t\t\t\t\t\t\t  \n\t\t\t\t\t\t\t  <\/a>\n\n\t\t\t\t\t\t  <\/div>\n\t\t\t\t\t\t  <div class=\"relatedthumb \" style=\"width:125px;float:left;overflow:hidden;\">  \n\t\t\t\t\t\t\t  \n\t\t\t\t\t\t\t  <a  href=\"https:\/\/kreativeshobby.hu\/index.php\/2016\/01\/31\/horgolt-viragok-1-kulonleges-dupla-virag\/\"  >\n\t\t\t\t\t\t\t\t\t  <div class=\"yuzo-img-wrap \" style=\"width: 125px;height:90px;\">\n\t\t\t\t\t\t\t\t\t\t\n\t\t\t\t\t\t\t\t\t\t<div class=\"yuzo-img\" style=\"background:url('https:\/\/kreativeshobby.hu\/wp-content\/uploads\/2016\/01\/2015-03-15-02.35.52-1-150x150.jpg') 50% 50% no-repeat;width: 125px;height:90px;margin-bottom: 5px;background-size: cover; \"><\/div>\n\t\t\t\t\t\t\t\t\t  <\/div>\n\t\t\t\t\t\t\t\t\t  \n\t\t\t\t\t\t\t\t   <span class=\"yuzo__text--title\" style=\"font-size:13px;\">Horgolt vir\u00e1gok 1.: k\u00fcl\u00f6nleges dupla vir\u00e1g<\/span>\n\t\t\t\t\t\t\t  \n\t\t\t\t\t\t\t  \n\t\t\t\t\t\t\t  <\/a>\n\n\t\t\t\t\t\t  <\/div>\n<\/div> <style>\n\t\t\t\t\t\t\t\t.yuzo_related_post img{width:120px !important; height:110px !important;}\n\t\t\t\t\t\t\t\t.yuzo_related_post .relatedthumb{line-height:15px;background: !important;color:!important;}\n\t\t\t\t\t\t\t\t.yuzo_related_post .relatedthumb:hover{background:#fcfcf4 !important; -webkit-transition: background 0.2s linear; -moz-transition: background 0.2s linear; -o-transition: background 0.2s linear; transition: background 0.2s linear;;color:!important;}\n\t\t\t\t\t\t\t\t.yuzo_related_post .relatedthumb a{color:!important;}\n\t\t\t\t\t\t\t\t.yuzo_related_post .relatedthumb a:hover{ color:}!important;}\n\t\t\t\t\t\t\t\t.yuzo_related_post .relatedthumb:hover a{ color:!important;}\n\t\t\t\t\t\t\t\t.yuzo_related_post .yuzo_text {color:!important;}\n\t\t\t\t\t\t\t\t.yuzo_related_post .relatedthumb:hover .yuzo_text {color:!important;}\n\t\t\t\t\t\t\t\t.yuzo_related_post .relatedthumb{  margin: 0px  0px  0px  0px;   padding: 5px  5px  5px  5px;  }\n\t\t\t\t\t\t\t\t\n\t\t\t\t\t\t\t\t<\/style> <script>\n\t\t\t\t\t\t  jQuery(document).ready(function( $ ){\n\t\t\t\t\t\t\t\/\/jQuery('.yuzo_related_post').equalizer({ overflow : 'relatedthumb' });\n\t\t\t\t\t\t\tjQuery('.yuzo_related_post .yuzo_wraps').equalizer({ columns : '> div' });\n\t\t\t\t\t\t   })\n\t\t\t\t\t\t  <\/script> <!-- End Yuzo :) -->","protected":false},"excerpt":{"rendered":"<p>\u00a0 Kedves L\u00e1togat\u00f3! &nbsp; K\u00f6sz\u00f6n\u00f6m sz\u00e9pen sz\u00edves \u00e9rdekl\u0151d\u00e9s\u00e9t a munk\u00e1m ir\u00e1nt, mely egyben a hobbim is. Kreat\u00edv+Hobby blogomat tavaly ind\u00edtottam \u00fatj\u00e1ra azzal a c\u00e9llal, hogy&#8230;<\/p>\n<p><a class='more-link' href='https:\/\/kreativeshobby.hu\/index.php\/kreativhobby-alkotomuhely\/bemutatkozas\/'>Olvass tov\u00e1bb<span class='screen-reader-text'>Bemutatkoz\u00e1s<\/span><\/a><\/p>","protected":false},"author":4,"featured_media":0,"parent":2402,"menu_order":1,"comment_status":"closed","ping_status":"closed","template":"","meta":{"_mi_skip_tracking":false,"_exactmetrics_sitenote_active":false,"_exactmetrics_sitenote_note":"","_exactmetrics_sitenote_category":0,"footnotes":""},"class_list":["post-3981","page","type-page","status-publish","hentry","entry"],"yoast_head":"<!-- This site is optimized with the Yoast SEO plugin v21.2 - https:\/\/yoast.com\/wordpress\/plugins\/seo\/ -->\n<title>Bemutatkoz\u00e1s - Kreat\u00edv+Hobby Alkot\u00f3m\u0171hely<\/title>\n<meta name=\"robots\" content=\"index, follow, max-snippet:-1, max-image-preview:large, max-video-preview:-1\" \/>\n<link rel=\"canonical\" href=\"https:\/\/kreativeshobby.hu\/index.php\/kreativhobby-alkotomuhely\/bemutatkozas\/\" \/>\n<meta property=\"og:locale\" content=\"hu_HU\" \/>\n<meta property=\"og:type\" content=\"article\" \/>\n<meta property=\"og:title\" content=\"Bemutatkoz\u00e1s - Kreat\u00edv+Hobby Alkot\u00f3m\u0171hely\" \/>\n<meta property=\"og:description\" content=\"\u00a0 Kedves L\u00e1togat\u00f3! &nbsp; K\u00f6sz\u00f6n\u00f6m sz\u00e9pen sz\u00edves \u00e9rdekl\u0151d\u00e9s\u00e9t a munk\u00e1m ir\u00e1nt, mely egyben a hobbim is. Kreat\u00edv+Hobby blogomat tavaly ind\u00edtottam \u00fatj\u00e1ra azzal a c\u00e9llal, hogy&#8230;\" \/>\n<meta property=\"og:url\" content=\"https:\/\/kreativeshobby.hu\/index.php\/kreativhobby-alkotomuhely\/bemutatkozas\/\" \/>\n<meta property=\"og:site_name\" content=\"Kreat\u00edv+Hobby Alkot\u00f3m\u0171hely\" \/>\n<meta property=\"article:modified_time\" content=\"2015-12-07T22:02:21+00:00\" \/>\n<meta property=\"og:image\" content=\"http:\/\/kreativeshobby.hu\/wp-content\/uploads\/2015\/10\/20151021_223701-300x169.jpg\" \/>\n<meta name=\"twitter:card\" content=\"summary_large_image\" \/>\n<meta name=\"twitter:label1\" content=\"Becs\u00fclt olvas\u00e1si id\u0151\" \/>\n\t<meta name=\"twitter:data1\" content=\"3 perc\" \/>\n<script type=\"application\/ld+json\" class=\"yoast-schema-graph\">{\"@context\":\"https:\/\/schema.org\",\"@graph\":[{\"@type\":\"WebPage\",\"@id\":\"https:\/\/kreativeshobby.hu\/index.php\/kreativhobby-alkotomuhely\/bemutatkozas\/\",\"url\":\"https:\/\/kreativeshobby.hu\/index.php\/kreativhobby-alkotomuhely\/bemutatkozas\/\",\"name\":\"Bemutatkoz\u00e1s - Kreat\u00edv+Hobby Alkot\u00f3m\u0171hely\",\"isPartOf\":{\"@id\":\"https:\/\/kreativeshobby.hu\/#website\"},\"datePublished\":\"2015-12-07T21:51:37+00:00\",\"dateModified\":\"2015-12-07T22:02:21+00:00\",\"breadcrumb\":{\"@id\":\"https:\/\/kreativeshobby.hu\/index.php\/kreativhobby-alkotomuhely\/bemutatkozas\/#breadcrumb\"},\"inLanguage\":\"hu\",\"potentialAction\":[{\"@type\":\"ReadAction\",\"target\":[\"https:\/\/kreativeshobby.hu\/index.php\/kreativhobby-alkotomuhely\/bemutatkozas\/\"]}]},{\"@type\":\"BreadcrumbList\",\"@id\":\"https:\/\/kreativeshobby.hu\/index.php\/kreativhobby-alkotomuhely\/bemutatkozas\/#breadcrumb\",\"itemListElement\":[{\"@type\":\"ListItem\",\"position\":1,\"name\":\"Kezd\u0151lap\",\"item\":\"https:\/\/kreativeshobby.hu\/\"},{\"@type\":\"ListItem\",\"position\":2,\"name\":\"Kreat\u00edv+Hobby Alkot\u00f3m\u0171hely\",\"item\":\"https:\/\/kreativeshobby.hu\/index.php\/kreativhobby-alkotomuhely\/\"},{\"@type\":\"ListItem\",\"position\":3,\"name\":\"Bemutatkoz\u00e1s\"}]},{\"@type\":\"WebSite\",\"@id\":\"https:\/\/kreativeshobby.hu\/#website\",\"url\":\"https:\/\/kreativeshobby.hu\/\",\"name\":\"Kreat\u00edv+Hobby Alkot\u00f3m\u0171hely\",\"description\":\"Ingyenes horgol\u00e1s mint\u00e1k     |     kreat\u00edv hobby-technik\u00e1k     |     j\u00f3l bev\u00e1lt s\u00fcti receptek\",\"potentialAction\":[{\"@type\":\"SearchAction\",\"target\":{\"@type\":\"EntryPoint\",\"urlTemplate\":\"https:\/\/kreativeshobby.hu\/?s={search_term_string}\"},\"query-input\":\"required name=search_term_string\"}],\"inLanguage\":\"hu\"}]}<\/script>\n<!-- \/ Yoast SEO plugin. -->","yoast_head_json":{"title":"Bemutatkoz\u00e1s - Kreat\u00edv+Hobby Alkot\u00f3m\u0171hely","robots":{"index":"index","follow":"follow","max-snippet":"max-snippet:-1","max-image-preview":"max-image-preview:large","max-video-preview":"max-video-preview:-1"},"canonical":"https:\/\/kreativeshobby.hu\/index.php\/kreativhobby-alkotomuhely\/bemutatkozas\/","og_locale":"hu_HU","og_type":"article","og_title":"Bemutatkoz\u00e1s - Kreat\u00edv+Hobby Alkot\u00f3m\u0171hely","og_description":"\u00a0 Kedves L\u00e1togat\u00f3! &nbsp; K\u00f6sz\u00f6n\u00f6m sz\u00e9pen sz\u00edves \u00e9rdekl\u0151d\u00e9s\u00e9t a munk\u00e1m ir\u00e1nt, mely egyben a hobbim is. Kreat\u00edv+Hobby blogomat tavaly ind\u00edtottam \u00fatj\u00e1ra azzal a c\u00e9llal, hogy&#8230;","og_url":"https:\/\/kreativeshobby.hu\/index.php\/kreativhobby-alkotomuhely\/bemutatkozas\/","og_site_name":"Kreat\u00edv+Hobby Alkot\u00f3m\u0171hely","article_modified_time":"2015-12-07T22:02:21+00:00","og_image":[{"url":"http:\/\/kreativeshobby.hu\/wp-content\/uploads\/2015\/10\/20151021_223701-300x169.jpg"}],"twitter_card":"summary_large_image","twitter_misc":{"Becs\u00fclt olvas\u00e1si id\u0151":"3 perc"},"schema":{"@context":"https:\/\/schema.org","@graph":[{"@type":"WebPage","@id":"https:\/\/kreativeshobby.hu\/index.php\/kreativhobby-alkotomuhely\/bemutatkozas\/","url":"https:\/\/kreativeshobby.hu\/index.php\/kreativhobby-alkotomuhely\/bemutatkozas\/","name":"Bemutatkoz\u00e1s - Kreat\u00edv+Hobby Alkot\u00f3m\u0171hely","isPartOf":{"@id":"https:\/\/kreativeshobby.hu\/#website"},"datePublished":"2015-12-07T21:51:37+00:00","dateModified":"2015-12-07T22:02:21+00:00","breadcrumb":{"@id":"https:\/\/kreativeshobby.hu\/index.php\/kreativhobby-alkotomuhely\/bemutatkozas\/#breadcrumb"},"inLanguage":"hu","potentialAction":[{"@type":"ReadAction","target":["https:\/\/kreativeshobby.hu\/index.php\/kreativhobby-alkotomuhely\/bemutatkozas\/"]}]},{"@type":"BreadcrumbList","@id":"https:\/\/kreativeshobby.hu\/index.php\/kreativhobby-alkotomuhely\/bemutatkozas\/#breadcrumb","itemListElement":[{"@type":"ListItem","position":1,"name":"Kezd\u0151lap","item":"https:\/\/kreativeshobby.hu\/"},{"@type":"ListItem","position":2,"name":"Kreat\u00edv+Hobby Alkot\u00f3m\u0171hely","item":"https:\/\/kreativeshobby.hu\/index.php\/kreativhobby-alkotomuhely\/"},{"@type":"ListItem","position":3,"name":"Bemutatkoz\u00e1s"}]},{"@type":"WebSite","@id":"https:\/\/kreativeshobby.hu\/#website","url":"https:\/\/kreativeshobby.hu\/","name":"Kreat\u00edv+Hobby Alkot\u00f3m\u0171hely","description":"Ingyenes horgol\u00e1s mint\u00e1k     |     kreat\u00edv hobby-technik\u00e1k     |     j\u00f3l bev\u00e1lt s\u00fcti receptek","potentialAction":[{"@type":"SearchAction","target":{"@type":"EntryPoint","urlTemplate":"https:\/\/kreativeshobby.hu\/?s={search_term_string}"},"query-input":"required name=search_term_string"}],"inLanguage":"hu"}]}},"_links":{"self":[{"href":"https:\/\/kreativeshobby.hu\/index.php\/wp-json\/wp\/v2\/pages\/3981","targetHints":{"allow":["GET"]}}],"collection":[{"href":"https:\/\/kreativeshobby.hu\/index.php\/wp-json\/wp\/v2\/pages"}],"about":[{"href":"https:\/\/kreativeshobby.hu\/index.php\/wp-json\/wp\/v2\/types\/page"}],"author":[{"embeddable":true,"href":"https:\/\/kreativeshobby.hu\/index.php\/wp-json\/wp\/v2\/users\/4"}],"replies":[{"embeddable":true,"href":"https:\/\/kreativeshobby.hu\/index.php\/wp-json\/wp\/v2\/comments?post=3981"}],"version-history":[{"count":2,"href":"https:\/\/kreativeshobby.hu\/index.php\/wp-json\/wp\/v2\/pages\/3981\/revisions"}],"predecessor-version":[{"id":3992,"href":"https:\/\/kreativeshobby.hu\/index.php\/wp-json\/wp\/v2\/pages\/3981\/revisions\/3992"}],"up":[{"embeddable":true,"href":"https:\/\/kreativeshobby.hu\/index.php\/wp-json\/wp\/v2\/pages\/2402"}],"wp:attachment":[{"href":"https:\/\/kreativeshobby.hu\/index.php\/wp-json\/wp\/v2\/media?parent=3981"}],"curies":[{"name":"wp","href":"https:\/\/api.w.org\/{rel}","templated":true}]}}