{"id":2478,"date":"2015-11-12T20:10:21","date_gmt":"2015-11-12T19:10:21","guid":{"rendered":"http:\/\/kreativeshobby.hu\/?page_id=2478"},"modified":"2016-10-04T15:08:59","modified_gmt":"2016-10-04T13:08:59","slug":"fizetesi-es-szallitasi-modok","status":"publish","type":"page","link":"https:\/\/kreativeshobby.hu\/index.php\/fizetesi-es-szallitasi-modok\/","title":{"rendered":"Fizet\u00e9si \u00e9s sz\u00e1ll\u00edt\u00e1si m\u00f3dok"},"content":{"rendered":"<p style=\"text-align: justify;\">K\u00e9rj\u00fck, figyelmesen olvassa el ezt a t\u00e1j\u00e9koztat\u00e1st! Amint megrendeli a term\u00e9ket, automatikus visszajelz\u00e9st k\u00fcld\u00fcnk e-mail-ben\u00a0a megrendel\u00e9s be\u00e9rkez\u00e9s\u00e9r\u0151l, mely tartalmazza az \u00d6n \u00e1ltal v\u00e1lasztott fizet\u00e9si- \u00e9s sz\u00e1ll\u00edt\u00e1si m\u00f3d d\u00edj\u00e1t, valamint a term\u00e9k \u00e1r\u00e1t \u00e9s a v\u00e1rhat\u00f3 elk\u00e9sz\u00fcl\u00e9si id\u0151t.<\/p>\n<h1>\u00a0<\/h1>\n<h1>Sz\u00e1ll\u00edt\u00e1si m\u00f3dok el\u0151reutal\u00e1ssal:<\/h1>\n<p>&nbsp;<\/p>\n<h2>DPD fut\u00e1rszolg\u00e1lat ig\u00e9nybev\u00e9tel\u00e9vel: 1310 Ft.<\/h2>\n<p style=\"text-align: justify;\">Miut\u00e1n meg\u00e9rkezett a term\u00e9k \u00e1ra a banksz\u00e1ml\u00e1nkra, 2-4 napon bel\u00fcl elk\u00e9sz\u00edtj\u00fck a megrendel\u00e9st \u00e9s \u00e1tadjuk a DPD fut\u00e1rszolg\u00e1latnak, mely 1 munkanap m\u00falva k\u00e9zbes\u00edti \u00d6nnek. \u00d6nnek Lehet\u0151s\u00e9ge van a csomag \u00fatj\u00e1t nyomon k\u00f6vetni. A csomag v\u00e1rhat\u00f3 \u00e9rkez\u00e9s\u00e9r\u0151l e-mail-ben \u00e9rtes\u00edti \u00d6nt a fut\u00e1rszolg\u00e1lat. Sikertelen k\u00e9zbes\u00edt\u00e9s eset\u00e9n telefonon egyeztetnek \u00faj id\u0151pontot.\u00a0<\/p>\n<p style=\"text-align: justify;\">\u00a0<\/p>\n<h2>Aj\u00e1nlott lev\u00e9lk\u00e9nt a Magyar Post\u00e1n kereszt\u00fcl k\u00fcldve: 500 Ft<\/h2>\n<p style=\"text-align: justify;\">A megrendelt term\u00e9ket aj\u00e1nlott lev\u00e9lk\u00e9nt k\u00fcldj\u00fck el \u00d6nnek a Magyar Post\u00e1n kereszt\u00fcl. Ez az \u00e1r egy term\u00e9k sz\u00e1ll\u00edt\u00e1s\u00e1ra vonatkozik. Az \u00e1rak s\u00falyt\u00f3l f\u00fcgg\u0151en v\u00e1ltozhatnak. Ig\u00e9nyelhet\u0151 els\u0151bbs\u00e9gi lev\u00e9lk\u00e9nt k\u00fcld\u00e9s is, ennek tov\u00e1bbi k\u00f6lts\u00e9ge van.<\/p>\n<p style=\"text-align: justify;\">\u00a0<\/p>\n<h2>Webox kihelyezett csomagautomat\u00e1ban: 699 Ft<\/h2>\n<p style=\"text-align: justify;\">Csomagj\u00e1t \u00e1tveheti az \u00d6nh\u00f6z legk\u00f6zelebb es\u0151 Webox csomagautomat\u00e1ban. Fix \u00e1ra 599 Ft el\u0151reutal\u00e1s eset\u00e9n. \u00d6nnek lehet\u0151s\u00e9ge van bankk\u00e1rty\u00e1val is fizetni. Online csomagk\u00f6vet\u00e9s, a csomag \u00e9jjel-nappal, munkasz\u00fcneti napokon is \u00e1tvehet\u0151. V\u00e1rhat\u00f3 kisz\u00e1ll\u00edt\u00e1s 1-2 munkanap.<\/p>\n<p><span style=\"color: #333399;\"><a style=\"color: #333399;\" href=\"https:\/\/webox.hu\/hu\/neked\/keresd-meg-a-terminalod\" target=\"_blank\">Itt lehet megkeresni az \u00d6nh\u00f6z legk\u00f6zelebb kihelyezett Webox csomagtermin\u00e1lokat.<\/a><\/span><\/p>\n<h2>\u00a0<\/h2>\n<h2>PikkPakk Ponton: 850 Ft<\/h2>\n<p style=\"text-align: justify;\">2 munkanap alatt sz\u00e1ll\u00edtj\u00e1k az \u00e1tv\u00e9teli pontra. Lehet\u0151s\u00e9g van online csomagk\u00f6vet\u00e9sre. E-mail-ben \u00e9s sms-ben \u00e9rtes\u00edtik \u00d6nt a csomag meg\u00e9rkez\u00e9s\u00e9r\u0151l. A csomag 5 munkanap alatt \u00e1tvehet\u0151. A csomag\u00e1tv\u00e9teli id\u0151 a PikkPakk Pont nyitvatart\u00e1si idej\u00e9t\u0151l f\u00fcgg.<\/p>\n<p><span style=\"color: #333399;\"><a style=\"color: #333399;\" href=\"http:\/\/www.pickpackpont.hu\/#map\" target=\"_blank\">Itt lehet megkeresni az \u00d6nh\u00f6z legk\u00f6zelebb tal\u00e1lhat\u00f3 PikkPakk Pontot.<\/a><\/span><\/p>\n<p>&nbsp;<\/p>\n<h1>A sz\u00e1ll\u00edt\u00e1s d\u00edjai ut\u00e1nv\u00e9tellel:<\/h1>\n<p>&nbsp;<\/p>\n<h2>DPD ut\u00e1nv\u00e9tel: 430 Ft + sz\u00e1ll\u00edt\u00e1si d\u00edj<\/h2>\n<p style=\"text-align: justify;\">A DPD fut\u00e1rszolg\u00e1lattal rendelt \u00e1ru ut\u00e1nv\u00e9teli d\u00edja 430 Ft (10.000 Ft rendel\u00e9si \u00f6sszeg alatt, 10.000 Ft rendel\u00e9si \u00f6sszeg felett az ut\u00e1nv\u00e9t d\u00edj n\u00f6vekszik.), sz\u00e1ll\u00edt\u00e1si d\u00edja 1310 Ft. \u00d6sszesen: <strong>1740 Ft.<\/strong><\/p>\n<p>&nbsp;<\/p>\n<h2>Magyar Posta: min. 1600 Ft, m\u00e9rett\u0151l f\u00fcgg\u0151en + az aj\u00e1nlott lev\u00e9l d\u00edja<\/h2>\n<p style=\"text-align: justify;\">Aj\u00e1nlott lev\u00e9lk\u00e9nt, ut\u00e1nv\u00e9ttel: s\u00falyt\u00f3l er\u0151sen f\u00fcgg a d\u00edjaz\u00e1s. A minimum \u00e1r ut\u00e1nv\u00e9ttel 2100 Ft (10.000Ft rendel\u00e9s\u00f6sszeg alatt, 10000 Ft felett magasabb.) Ha ezt a fizet\u00e9si- \u00e9s sz\u00e1ll\u00edt\u00e1si m\u00f3dot v\u00e1lasztan\u00e1, k\u00e9rj\u00fck, vegye fel a kapcsolatot a Kreat\u00edv+Hobby adminisztr\u00e1tor\u00e1val a honlapon a &#8222;Kapcsolat&#8221; oldalon.\u00a0<\/p>\n<p>&nbsp;<\/p>\n<h2>Webox: 140 Ft + sz\u00e1ll\u00edt\u00e1si d\u00edj<\/h2>\n<p>Webox-ban az ut\u00e1nv\u00e9t d\u00edja 10.000 Ft rendel\u00e9s alatt 140 Ft, a sz\u00e1ll\u00edt\u00e1si d\u00edj 699 Ft. \u00d6sszesen: 839 Ft.<\/p>\n<p>&nbsp;<\/p>\n<h2>PikkPakk Ponton: 265 Ft + sz\u00e1ll\u00edt\u00e1si d\u00edj<\/h2>\n<p>PikkPakk Ponton 10000 Ft rendel\u00e9si \u00f6sszeg alatt 265 Ft az ut\u00e1nv\u00e9t d\u00edja. Sz\u00e1ll\u00edt\u00e1si d\u00edjjal egy\u00fctt \u00f6sszesen: 1115 Ft.<\/p>\n<p>&nbsp;<\/p>\n<h2>Szem\u00e9lyes \u00e1tv\u00e9tel:<\/h2>\n<p style=\"text-align: justify;\">\u00d6nnek lehet\u0151s\u00e9ge van el\u0151re egyeztetett id\u0151pontban \u00e9s helysz\u00ednen szem\u00e9lyesen \u00e1tvenni a csomagj\u00e1t Budapesten \u00a0illetve \u00c9rden. Ebben az esetben nem sz\u00e1molunk fel sz\u00e1ll\u00edt\u00e1si d\u00edjat, de csak k\u00e9szp\u00e9nzzel lehet fizetni.<\/p>\n<!-- Facebook Page Plugin by Medust: http:\/\/medust.com -->\r\n\t\t<div class=\"fb-recommendations-bar\" data-href=\"https:\/\/kreativeshobby.hu\/index.php\/fizetesi-es-szallitasi-modok\/\" data-read-time=\"25\" data-side=\"\" data-action=\"like\"><\/div><!-- Begin Yuzo --><div class='yuzo_related_post style-1'  data-version='5.12.80'><!-- without result --><div class='yuzo_clearfixed yuzo__title yuzo__title'><h3>Related Post<\/h3><\/div>\n\t\t\t\t\t\t  <div class=\"relatedthumb \" style=\"width:125px;float:left;overflow:hidden;\">  \n\t\t\t\t\t\t\t  \n\t\t\t\t\t\t\t  <a  href=\"https:\/\/kreativeshobby.hu\/index.php\/2020\/07\/13\/horgolt-mandala-gyogyito-szinekkel\/\"  >\n\t\t\t\t\t\t\t\t\t  <div class=\"yuzo-img-wrap \" style=\"width: 125px;height:90px;\">\n\t\t\t\t\t\t\t\t\t\t\n\t\t\t\t\t\t\t\t\t\t<div class=\"yuzo-img\" style=\"background:url('https:\/\/kreativeshobby.hu\/wp-content\/uploads\/2017\/03\/20170406_145913-150x150.jpg') 50% 50% no-repeat;width: 125px;height:90px;margin-bottom: 5px;background-size: cover; \"><\/div>\n\t\t\t\t\t\t\t\t\t  <\/div>\n\t\t\t\t\t\t\t\t\t  \n\t\t\t\t\t\t\t\t   <span class=\"yuzo__text--title\" style=\"font-size:13px;\">Horgolt mandala gy\u00f3gy\u00edt\u00f3 sz\u00ednekkel<\/span>\n\t\t\t\t\t\t\t  \n\t\t\t\t\t\t\t  \n\t\t\t\t\t\t\t  <\/a>\n\n\t\t\t\t\t\t  <\/div>\n\t\t\t\t\t\t  <div class=\"relatedthumb \" style=\"width:125px;float:left;overflow:hidden;\">  \n\t\t\t\t\t\t\t  \n\t\t\t\t\t\t\t  <a  href=\"https:\/\/kreativeshobby.hu\/index.php\/2016\/04\/01\/belteri-tunderkert-torott-viragcserepbol\/\"  >\n\t\t\t\t\t\t\t\t\t  <div class=\"yuzo-img-wrap \" style=\"width: 125px;height:90px;\">\n\t\t\t\t\t\t\t\t\t\t\n\t\t\t\t\t\t\t\t\t\t<div class=\"yuzo-img\" style=\"background:url('https:\/\/kreativeshobby.hu\/wp-content\/uploads\/2016\/04\/11-150x150.jpg') 50% 50% no-repeat;width: 125px;height:90px;margin-bottom: 5px;background-size: cover; \"><\/div>\n\t\t\t\t\t\t\t\t\t  <\/div>\n\t\t\t\t\t\t\t\t\t  \n\t\t\t\t\t\t\t\t   <span class=\"yuzo__text--title\" style=\"font-size:13px;\">Belt\u00e9ri t\u00fcnd\u00e9rkert t\u00f6r\u00f6tt vir\u00e1gcser\u00e9pb\u0151l<\/span>\n\t\t\t\t\t\t\t  \n\t\t\t\t\t\t\t  \n\t\t\t\t\t\t\t  <\/a>\n\n\t\t\t\t\t\t  <\/div>\n\t\t\t\t\t\t  <div class=\"relatedthumb \" style=\"width:125px;float:left;overflow:hidden;\">  \n\t\t\t\t\t\t\t  \n\t\t\t\t\t\t\t  <a  href=\"https:\/\/kreativeshobby.hu\/index.php\/2015\/11\/28\/egyszeru-glutenmentes-kevert-suti\/\"  >\n\t\t\t\t\t\t\t\t\t  <div class=\"yuzo-img-wrap \" style=\"width: 125px;height:90px;\">\n\t\t\t\t\t\t\t\t\t\t\n\t\t\t\t\t\t\t\t\t\t<div class=\"yuzo-img\" style=\"background:url('https:\/\/kreativeshobby.hu\/wp-content\/uploads\/2015\/11\/20151128_120906-150x150.jpg') 50% 50% no-repeat;width: 125px;height:90px;margin-bottom: 5px;background-size: cover; \"><\/div>\n\t\t\t\t\t\t\t\t\t  <\/div>\n\t\t\t\t\t\t\t\t\t  \n\t\t\t\t\t\t\t\t   <span class=\"yuzo__text--title\" style=\"font-size:13px;\">Egyszer\u0171 glut\u00e9nmentes kevert s\u00fcti<\/span>\n\t\t\t\t\t\t\t  \n\t\t\t\t\t\t\t  \n\t\t\t\t\t\t\t  <\/a>\n\n\t\t\t\t\t\t  <\/div>\n\t\t\t\t\t\t  <div class=\"relatedthumb \" style=\"width:125px;float:left;overflow:hidden;\">  \n\t\t\t\t\t\t\t  \n\t\t\t\t\t\t\t  <a  href=\"https:\/\/kreativeshobby.hu\/index.php\/2015\/11\/29\/adventi-kalendarium-mini-horgolt-zoknikbol-2-resz\/\"  >\n\t\t\t\t\t\t\t\t\t  <div class=\"yuzo-img-wrap \" style=\"width: 125px;height:90px;\">\n\t\t\t\t\t\t\t\t\t\t\n\t\t\t\t\t\t\t\t\t\t<div class=\"yuzo-img\" style=\"background:url('https:\/\/kreativeshobby.hu\/wp-content\/uploads\/2015\/11\/20151129_191055-e1448823014678-150x150.jpg') 50% 50% no-repeat;width: 125px;height:90px;margin-bottom: 5px;background-size: cover; \"><\/div>\n\t\t\t\t\t\t\t\t\t  <\/div>\n\t\t\t\t\t\t\t\t\t  \n\t\t\t\t\t\t\t\t   <span class=\"yuzo__text--title\" style=\"font-size:13px;\">Adventi kalend\u00e1rium mini horgolt zoknikb\u00f3l 2.r\u00e9sz...<\/span>\n\t\t\t\t\t\t\t  \n\t\t\t\t\t\t\t  \n\t\t\t\t\t\t\t  <\/a>\n\n\t\t\t\t\t\t  <\/div>\n<\/div> <style>\n\t\t\t\t\t\t\t\t.yuzo_related_post img{width:120px !important; height:110px !important;}\n\t\t\t\t\t\t\t\t.yuzo_related_post .relatedthumb{line-height:15px;background: !important;color:!important;}\n\t\t\t\t\t\t\t\t.yuzo_related_post .relatedthumb:hover{background:#fcfcf4 !important; -webkit-transition: background 0.2s linear; -moz-transition: background 0.2s linear; -o-transition: background 0.2s linear; transition: background 0.2s linear;;color:!important;}\n\t\t\t\t\t\t\t\t.yuzo_related_post .relatedthumb a{color:!important;}\n\t\t\t\t\t\t\t\t.yuzo_related_post .relatedthumb a:hover{ color:}!important;}\n\t\t\t\t\t\t\t\t.yuzo_related_post .relatedthumb:hover a{ color:!important;}\n\t\t\t\t\t\t\t\t.yuzo_related_post .yuzo_text {color:!important;}\n\t\t\t\t\t\t\t\t.yuzo_related_post .relatedthumb:hover .yuzo_text {color:!important;}\n\t\t\t\t\t\t\t\t.yuzo_related_post .relatedthumb{  margin: 0px  0px  0px  0px;   padding: 5px  5px  5px  5px;  }\n\t\t\t\t\t\t\t\t\n\t\t\t\t\t\t\t\t<\/style> <script>\n\t\t\t\t\t\t  jQuery(document).ready(function( $ ){\n\t\t\t\t\t\t\t\/\/jQuery('.yuzo_related_post').equalizer({ overflow : 'relatedthumb' });\n\t\t\t\t\t\t\tjQuery('.yuzo_related_post .yuzo_wraps').equalizer({ columns : '> div' });\n\t\t\t\t\t\t   })\n\t\t\t\t\t\t  <\/script> <!-- End Yuzo :) -->","protected":false},"excerpt":{"rendered":"<p>K\u00e9rj\u00fck, figyelmesen olvassa el ezt a t\u00e1j\u00e9koztat\u00e1st! Amint megrendeli a term\u00e9ket, automatikus visszajelz\u00e9st k\u00fcld\u00fcnk e-mail-ben\u00a0a megrendel\u00e9s be\u00e9rkez\u00e9s\u00e9r\u0151l, mely tartalmazza az \u00d6n \u00e1ltal v\u00e1lasztott fizet\u00e9si- \u00e9s&#8230;<\/p>\n<p><a class='more-link' href='https:\/\/kreativeshobby.hu\/index.php\/fizetesi-es-szallitasi-modok\/'>Olvass tov\u00e1bb<span class='screen-reader-text'>Fizet\u00e9si \u00e9s sz\u00e1ll\u00edt\u00e1si m\u00f3dok<\/span><\/a><\/p>","protected":false},"author":4,"featured_media":0,"parent":0,"menu_order":0,"comment_status":"closed","ping_status":"closed","template":"","meta":{"_mi_skip_tracking":false,"_exactmetrics_sitenote_active":false,"_exactmetrics_sitenote_note":"","_exactmetrics_sitenote_category":0,"footnotes":""},"class_list":["post-2478","page","type-page","status-publish","hentry","entry"],"yoast_head":"<!-- This site is optimized with the Yoast SEO plugin v21.2 - https:\/\/yoast.com\/wordpress\/plugins\/seo\/ -->\n<title>Fizet\u00e9si \u00e9s sz\u00e1ll\u00edt\u00e1si m\u00f3dok - Kreat\u00edv+Hobby Alkot\u00f3m\u0171hely<\/title>\n<meta name=\"robots\" content=\"index, follow, max-snippet:-1, max-image-preview:large, max-video-preview:-1\" \/>\n<link rel=\"canonical\" href=\"https:\/\/kreativeshobby.hu\/index.php\/fizetesi-es-szallitasi-modok\/\" \/>\n<meta property=\"og:locale\" content=\"hu_HU\" \/>\n<meta property=\"og:type\" content=\"article\" \/>\n<meta property=\"og:title\" content=\"Fizet\u00e9si \u00e9s sz\u00e1ll\u00edt\u00e1si m\u00f3dok - Kreat\u00edv+Hobby Alkot\u00f3m\u0171hely\" \/>\n<meta property=\"og:description\" content=\"K\u00e9rj\u00fck, figyelmesen olvassa el ezt a t\u00e1j\u00e9koztat\u00e1st! Amint megrendeli a term\u00e9ket, automatikus visszajelz\u00e9st k\u00fcld\u00fcnk e-mail-ben\u00a0a megrendel\u00e9s be\u00e9rkez\u00e9s\u00e9r\u0151l, mely tartalmazza az \u00d6n \u00e1ltal v\u00e1lasztott fizet\u00e9si- \u00e9s&#8230;\" \/>\n<meta property=\"og:url\" content=\"https:\/\/kreativeshobby.hu\/index.php\/fizetesi-es-szallitasi-modok\/\" \/>\n<meta property=\"og:site_name\" content=\"Kreat\u00edv+Hobby Alkot\u00f3m\u0171hely\" \/>\n<meta property=\"article:modified_time\" content=\"2016-10-04T13:08:59+00:00\" \/>\n<meta name=\"twitter:card\" content=\"summary_large_image\" \/>\n<meta name=\"twitter:label1\" content=\"Becs\u00fclt olvas\u00e1si id\u0151\" \/>\n\t<meta name=\"twitter:data1\" content=\"3 perc\" \/>\n<script type=\"application\/ld+json\" class=\"yoast-schema-graph\">{\"@context\":\"https:\/\/schema.org\",\"@graph\":[{\"@type\":\"WebPage\",\"@id\":\"https:\/\/kreativeshobby.hu\/index.php\/fizetesi-es-szallitasi-modok\/\",\"url\":\"https:\/\/kreativeshobby.hu\/index.php\/fizetesi-es-szallitasi-modok\/\",\"name\":\"Fizet\u00e9si \u00e9s sz\u00e1ll\u00edt\u00e1si m\u00f3dok - Kreat\u00edv+Hobby Alkot\u00f3m\u0171hely\",\"isPartOf\":{\"@id\":\"https:\/\/kreativeshobby.hu\/#website\"},\"datePublished\":\"2015-11-12T19:10:21+00:00\",\"dateModified\":\"2016-10-04T13:08:59+00:00\",\"breadcrumb\":{\"@id\":\"https:\/\/kreativeshobby.hu\/index.php\/fizetesi-es-szallitasi-modok\/#breadcrumb\"},\"inLanguage\":\"hu\",\"potentialAction\":[{\"@type\":\"ReadAction\",\"target\":[\"https:\/\/kreativeshobby.hu\/index.php\/fizetesi-es-szallitasi-modok\/\"]}]},{\"@type\":\"BreadcrumbList\",\"@id\":\"https:\/\/kreativeshobby.hu\/index.php\/fizetesi-es-szallitasi-modok\/#breadcrumb\",\"itemListElement\":[{\"@type\":\"ListItem\",\"position\":1,\"name\":\"Kezd\u0151lap\",\"item\":\"https:\/\/kreativeshobby.hu\/\"},{\"@type\":\"ListItem\",\"position\":2,\"name\":\"Fizet\u00e9si \u00e9s sz\u00e1ll\u00edt\u00e1si m\u00f3dok\"}]},{\"@type\":\"WebSite\",\"@id\":\"https:\/\/kreativeshobby.hu\/#website\",\"url\":\"https:\/\/kreativeshobby.hu\/\",\"name\":\"Kreat\u00edv+Hobby Alkot\u00f3m\u0171hely\",\"description\":\"Ingyenes horgol\u00e1s mint\u00e1k     |     kreat\u00edv hobby-technik\u00e1k     |     j\u00f3l bev\u00e1lt s\u00fcti receptek\",\"potentialAction\":[{\"@type\":\"SearchAction\",\"target\":{\"@type\":\"EntryPoint\",\"urlTemplate\":\"https:\/\/kreativeshobby.hu\/?s={search_term_string}\"},\"query-input\":\"required name=search_term_string\"}],\"inLanguage\":\"hu\"}]}<\/script>\n<!-- \/ Yoast SEO plugin. -->","yoast_head_json":{"title":"Fizet\u00e9si \u00e9s sz\u00e1ll\u00edt\u00e1si m\u00f3dok - Kreat\u00edv+Hobby Alkot\u00f3m\u0171hely","robots":{"index":"index","follow":"follow","max-snippet":"max-snippet:-1","max-image-preview":"max-image-preview:large","max-video-preview":"max-video-preview:-1"},"canonical":"https:\/\/kreativeshobby.hu\/index.php\/fizetesi-es-szallitasi-modok\/","og_locale":"hu_HU","og_type":"article","og_title":"Fizet\u00e9si \u00e9s sz\u00e1ll\u00edt\u00e1si m\u00f3dok - Kreat\u00edv+Hobby Alkot\u00f3m\u0171hely","og_description":"K\u00e9rj\u00fck, figyelmesen olvassa el ezt a t\u00e1j\u00e9koztat\u00e1st! Amint megrendeli a term\u00e9ket, automatikus visszajelz\u00e9st k\u00fcld\u00fcnk e-mail-ben\u00a0a megrendel\u00e9s be\u00e9rkez\u00e9s\u00e9r\u0151l, mely tartalmazza az \u00d6n \u00e1ltal v\u00e1lasztott fizet\u00e9si- \u00e9s&#8230;","og_url":"https:\/\/kreativeshobby.hu\/index.php\/fizetesi-es-szallitasi-modok\/","og_site_name":"Kreat\u00edv+Hobby Alkot\u00f3m\u0171hely","article_modified_time":"2016-10-04T13:08:59+00:00","twitter_card":"summary_large_image","twitter_misc":{"Becs\u00fclt olvas\u00e1si id\u0151":"3 perc"},"schema":{"@context":"https:\/\/schema.org","@graph":[{"@type":"WebPage","@id":"https:\/\/kreativeshobby.hu\/index.php\/fizetesi-es-szallitasi-modok\/","url":"https:\/\/kreativeshobby.hu\/index.php\/fizetesi-es-szallitasi-modok\/","name":"Fizet\u00e9si \u00e9s sz\u00e1ll\u00edt\u00e1si m\u00f3dok - Kreat\u00edv+Hobby Alkot\u00f3m\u0171hely","isPartOf":{"@id":"https:\/\/kreativeshobby.hu\/#website"},"datePublished":"2015-11-12T19:10:21+00:00","dateModified":"2016-10-04T13:08:59+00:00","breadcrumb":{"@id":"https:\/\/kreativeshobby.hu\/index.php\/fizetesi-es-szallitasi-modok\/#breadcrumb"},"inLanguage":"hu","potentialAction":[{"@type":"ReadAction","target":["https:\/\/kreativeshobby.hu\/index.php\/fizetesi-es-szallitasi-modok\/"]}]},{"@type":"BreadcrumbList","@id":"https:\/\/kreativeshobby.hu\/index.php\/fizetesi-es-szallitasi-modok\/#breadcrumb","itemListElement":[{"@type":"ListItem","position":1,"name":"Kezd\u0151lap","item":"https:\/\/kreativeshobby.hu\/"},{"@type":"ListItem","position":2,"name":"Fizet\u00e9si \u00e9s sz\u00e1ll\u00edt\u00e1si m\u00f3dok"}]},{"@type":"WebSite","@id":"https:\/\/kreativeshobby.hu\/#website","url":"https:\/\/kreativeshobby.hu\/","name":"Kreat\u00edv+Hobby Alkot\u00f3m\u0171hely","description":"Ingyenes horgol\u00e1s mint\u00e1k     |     kreat\u00edv hobby-technik\u00e1k     |     j\u00f3l bev\u00e1lt s\u00fcti receptek","potentialAction":[{"@type":"SearchAction","target":{"@type":"EntryPoint","urlTemplate":"https:\/\/kreativeshobby.hu\/?s={search_term_string}"},"query-input":"required name=search_term_string"}],"inLanguage":"hu"}]}},"_links":{"self":[{"href":"https:\/\/kreativeshobby.hu\/index.php\/wp-json\/wp\/v2\/pages\/2478","targetHints":{"allow":["GET"]}}],"collection":[{"href":"https:\/\/kreativeshobby.hu\/index.php\/wp-json\/wp\/v2\/pages"}],"about":[{"href":"https:\/\/kreativeshobby.hu\/index.php\/wp-json\/wp\/v2\/types\/page"}],"author":[{"embeddable":true,"href":"https:\/\/kreativeshobby.hu\/index.php\/wp-json\/wp\/v2\/users\/4"}],"replies":[{"embeddable":true,"href":"https:\/\/kreativeshobby.hu\/index.php\/wp-json\/wp\/v2\/comments?post=2478"}],"version-history":[{"count":13,"href":"https:\/\/kreativeshobby.hu\/index.php\/wp-json\/wp\/v2\/pages\/2478\/revisions"}],"predecessor-version":[{"id":7305,"href":"https:\/\/kreativeshobby.hu\/index.php\/wp-json\/wp\/v2\/pages\/2478\/revisions\/7305"}],"wp:attachment":[{"href":"https:\/\/kreativeshobby.hu\/index.php\/wp-json\/wp\/v2\/media?parent=2478"}],"curies":[{"name":"wp","href":"https:\/\/api.w.org\/{rel}","templated":true}]}}