{"id":2280,"date":"2015-10-16T19:11:21","date_gmt":"2015-10-16T17:11:21","guid":{"rendered":"http:\/\/kreativeshobby.hu\/index.php\/products-page\/your-account\/"},"modified":"2015-12-07T22:58:27","modified_gmt":"2015-12-07T21:58:27","slug":"your-account","status":"publish","type":"page","link":"https:\/\/kreativeshobby.hu\/index.php\/your-account\/","title":{"rendered":"Sz\u00e1mla"},"content":{"rendered":"<p>[userlog]<\/p>\n<!-- Facebook Page Plugin by Medust: http:\/\/medust.com -->\r\n\t\t<div class=\"fb-recommendations-bar\" data-href=\"https:\/\/kreativeshobby.hu\/index.php\/your-account\/\" data-read-time=\"25\" data-side=\"\" data-action=\"like\"><\/div><!-- Begin Yuzo --><div class='yuzo_related_post style-1'  data-version='5.12.80'><!-- without result --><div class='yuzo_clearfixed yuzo__title yuzo__title'><h3>Related Post<\/h3><\/div>\n\t\t\t\t\t\t  <div class=\"relatedthumb \" style=\"width:125px;float:left;overflow:hidden;\">  \n\t\t\t\t\t\t\t  \n\t\t\t\t\t\t\t  <a  href=\"https:\/\/kreativeshobby.hu\/index.php\/2016\/01\/02\/amerikai-es-brit-angol-horgolasi-roviditesek-magyarul\/\"  >\n\t\t\t\t\t\t\t\t\t  <div class=\"yuzo-img-wrap \" style=\"width: 125px;height:90px;\">\n\t\t\t\t\t\t\t\t\t\t\n\t\t\t\t\t\t\t\t\t\t<div class=\"yuzo-img\" style=\"background:url('https:\/\/kreativeshobby.hu\/wp-content\/uploads\/2016\/01\/US-UKabb-1-e1451756047561-150x150.jpg') 50% 50% no-repeat;width: 125px;height:90px;margin-bottom: 5px;background-size: cover; \"><\/div>\n\t\t\t\t\t\t\t\t\t  <\/div>\n\t\t\t\t\t\t\t\t\t  \n\t\t\t\t\t\t\t\t   <span class=\"yuzo__text--title\" style=\"font-size:13px;\">Amerikai- \u00e9s brit angol horgol\u00e1si r\u00f6vid\u00edt\u00e9sek magy...<\/span>\n\t\t\t\t\t\t\t  \n\t\t\t\t\t\t\t  \n\t\t\t\t\t\t\t  <\/a>\n\n\t\t\t\t\t\t  <\/div>\n\t\t\t\t\t\t  <div class=\"relatedthumb \" style=\"width:125px;float:left;overflow:hidden;\">  \n\t\t\t\t\t\t\t  \n\t\t\t\t\t\t\t  <a  href=\"https:\/\/kreativeshobby.hu\/index.php\/2016\/02\/12\/amigurumi-sziv\/\"  >\n\t\t\t\t\t\t\t\t\t  <div class=\"yuzo-img-wrap \" style=\"width: 125px;height:90px;\">\n\t\t\t\t\t\t\t\t\t\t\n\t\t\t\t\t\t\t\t\t\t<div class=\"yuzo-img\" style=\"background:url('https:\/\/kreativeshobby.hu\/wp-content\/uploads\/2016\/02\/20151030_193131-e1455294838785-150x150.jpg') 50% 50% no-repeat;width: 125px;height:90px;margin-bottom: 5px;background-size: cover; \"><\/div>\n\t\t\t\t\t\t\t\t\t  <\/div>\n\t\t\t\t\t\t\t\t\t  \n\t\t\t\t\t\t\t\t   <span class=\"yuzo__text--title\" style=\"font-size:13px;\">Amigurumi sz\u00edv<\/span>\n\t\t\t\t\t\t\t  \n\t\t\t\t\t\t\t  \n\t\t\t\t\t\t\t  <\/a>\n\n\t\t\t\t\t\t  <\/div>\n\t\t\t\t\t\t  <div class=\"relatedthumb \" style=\"width:125px;float:left;overflow:hidden;\">  \n\t\t\t\t\t\t\t  \n\t\t\t\t\t\t\t  <a  href=\"https:\/\/kreativeshobby.hu\/index.php\/2021\/12\/11\/horgolt-karacsonyfa-szoknya\/\"  >\n\t\t\t\t\t\t\t\t\t  <div class=\"yuzo-img-wrap \" style=\"width: 125px;height:90px;\">\n\t\t\t\t\t\t\t\t\t\t\n\t\t\t\t\t\t\t\t\t\t<div class=\"yuzo-img\" style=\"background:url('https:\/\/kreativeshobby.hu\/wp-content\/uploads\/2016\/11\/20181225_124151-150x150.jpg') 50% 50% no-repeat;width: 125px;height:90px;margin-bottom: 5px;background-size: cover; \"><\/div>\n\t\t\t\t\t\t\t\t\t  <\/div>\n\t\t\t\t\t\t\t\t\t  \n\t\t\t\t\t\t\t\t   <span class=\"yuzo__text--title\" style=\"font-size:13px;\">Horgolt kar\u00e1csonyfa szoknya<\/span>\n\t\t\t\t\t\t\t  \n\t\t\t\t\t\t\t  \n\t\t\t\t\t\t\t  <\/a>\n\n\t\t\t\t\t\t  <\/div>\n\t\t\t\t\t\t  <div class=\"relatedthumb \" style=\"width:125px;float:left;overflow:hidden;\">  \n\t\t\t\t\t\t\t  \n\t\t\t\t\t\t\t  <a  href=\"https:\/\/kreativeshobby.hu\/index.php\/2019\/06\/05\/horgolt-minnie-eger-szoknya-bebiknek\/\"  >\n\t\t\t\t\t\t\t\t\t  <div class=\"yuzo-img-wrap \" style=\"width: 125px;height:90px;\">\n\t\t\t\t\t\t\t\t\t\t\n\t\t\t\t\t\t\t\t\t\t<div class=\"yuzo-img\" style=\"background:url('https:\/\/kreativeshobby.hu\/wp-content\/uploads\/2019\/06\/20190508_080216-150x150.jpg') 50% 50% no-repeat;width: 125px;height:90px;margin-bottom: 5px;background-size: cover; \"><\/div>\n\t\t\t\t\t\t\t\t\t  <\/div>\n\t\t\t\t\t\t\t\t\t  \n\t\t\t\t\t\t\t\t   <span class=\"yuzo__text--title\" style=\"font-size:13px;\">Horgolt Minnie-szett b\u00e9biknek<\/span>\n\t\t\t\t\t\t\t  \n\t\t\t\t\t\t\t  \n\t\t\t\t\t\t\t  <\/a>\n\n\t\t\t\t\t\t  <\/div>\n<\/div> <style>\n\t\t\t\t\t\t\t\t.yuzo_related_post img{width:120px !important; height:110px !important;}\n\t\t\t\t\t\t\t\t.yuzo_related_post .relatedthumb{line-height:15px;background: !important;color:!important;}\n\t\t\t\t\t\t\t\t.yuzo_related_post .relatedthumb:hover{background:#fcfcf4 !important; -webkit-transition: background 0.2s linear; -moz-transition: background 0.2s linear; -o-transition: background 0.2s linear; transition: background 0.2s linear;;color:!important;}\n\t\t\t\t\t\t\t\t.yuzo_related_post .relatedthumb a{color:!important;}\n\t\t\t\t\t\t\t\t.yuzo_related_post .relatedthumb a:hover{ color:}!important;}\n\t\t\t\t\t\t\t\t.yuzo_related_post .relatedthumb:hover a{ color:!important;}\n\t\t\t\t\t\t\t\t.yuzo_related_post .yuzo_text {color:!important;}\n\t\t\t\t\t\t\t\t.yuzo_related_post .relatedthumb:hover .yuzo_text {color:!important;}\n\t\t\t\t\t\t\t\t.yuzo_related_post .relatedthumb{  margin: 0px  0px  0px  0px;   padding: 5px  5px  5px  5px;  }\n\t\t\t\t\t\t\t\t\n\t\t\t\t\t\t\t\t<\/style> <script>\n\t\t\t\t\t\t  jQuery(document).ready(function( $ ){\n\t\t\t\t\t\t\t\/\/jQuery('.yuzo_related_post').equalizer({ overflow : 'relatedthumb' });\n\t\t\t\t\t\t\tjQuery('.yuzo_related_post .yuzo_wraps').equalizer({ columns : '> div' });\n\t\t\t\t\t\t   })\n\t\t\t\t\t\t  <\/script> <!-- End Yuzo :) -->","protected":false},"excerpt":{"rendered":"<p>[userlog] Related Post H\u00fasv\u00e9ti sonk\u00e1s kal\u00e1cs Horgolt h\u00fasv\u00e9ti ajt\u00f3d\u00edsz Nagyl\u00e1b Nyuszk\u00f3val :-)&#8230; Kar\u00e1csonyi \u00f6tletb\u00f6rze a Kreat\u00edv+Hobby Alkot\u00f3m\u0171hely&#8230; Vid\u00e1m kar\u00e1csonyfad\u00edszek 3.: Horgolt m\u00e9zeskal\u00e1cs em&#8230;<\/p>\n<p><a class='more-link' href='https:\/\/kreativeshobby.hu\/index.php\/your-account\/'>Olvass tov\u00e1bb<span class='screen-reader-text'>Sz\u00e1mla<\/span><\/a><\/p>","protected":false},"author":4,"featured_media":0,"parent":0,"menu_order":0,"comment_status":"closed","ping_status":"closed","template":"","meta":{"_mi_skip_tracking":false,"_exactmetrics_sitenote_active":false,"_exactmetrics_sitenote_note":"","_exactmetrics_sitenote_category":0,"footnotes":""},"class_list":["post-2280","page","type-page","status-publish","hentry","entry"],"yoast_head":"<!-- This site is optimized with the Yoast SEO plugin v21.2 - https:\/\/yoast.com\/wordpress\/plugins\/seo\/ -->\n<title>Sz\u00e1mla - Kreat\u00edv+Hobby Alkot\u00f3m\u0171hely<\/title>\n<meta name=\"robots\" content=\"index, follow, max-snippet:-1, max-image-preview:large, max-video-preview:-1\" \/>\n<link rel=\"canonical\" href=\"https:\/\/kreativeshobby.hu\/index.php\/your-account\/\" \/>\n<meta property=\"og:locale\" content=\"hu_HU\" \/>\n<meta property=\"og:type\" content=\"article\" \/>\n<meta property=\"og:title\" content=\"Sz\u00e1mla - Kreat\u00edv+Hobby Alkot\u00f3m\u0171hely\" \/>\n<meta property=\"og:description\" content=\"[userlog] Related Post Horgolt ujjatlan keszty\u0171 2. Amerikai csokis keksz Ilyen volt \u2013 ilyen lett: h\u00fasv\u00e9ti ajt\u00f3d\u00edsz kr... R\u00f3zsa-t\u00fcnd\u00e9r jelmez 1.r\u00e9sz: a fels\u0151r\u00e9sz\" \/>\n<meta property=\"og:url\" content=\"https:\/\/kreativeshobby.hu\/index.php\/your-account\/\" \/>\n<meta property=\"og:site_name\" content=\"Kreat\u00edv+Hobby Alkot\u00f3m\u0171hely\" \/>\n<meta property=\"article:modified_time\" content=\"2015-12-07T21:58:27+00:00\" \/>\n<meta name=\"twitter:card\" content=\"summary_large_image\" \/>\n<script type=\"application\/ld+json\" class=\"yoast-schema-graph\">{\"@context\":\"https:\/\/schema.org\",\"@graph\":[{\"@type\":\"WebPage\",\"@id\":\"https:\/\/kreativeshobby.hu\/index.php\/your-account\/\",\"url\":\"https:\/\/kreativeshobby.hu\/index.php\/your-account\/\",\"name\":\"Sz\u00e1mla - Kreat\u00edv+Hobby Alkot\u00f3m\u0171hely\",\"isPartOf\":{\"@id\":\"https:\/\/kreativeshobby.hu\/#website\"},\"datePublished\":\"2015-10-16T17:11:21+00:00\",\"dateModified\":\"2015-12-07T21:58:27+00:00\",\"breadcrumb\":{\"@id\":\"https:\/\/kreativeshobby.hu\/index.php\/your-account\/#breadcrumb\"},\"inLanguage\":\"hu\",\"potentialAction\":[{\"@type\":\"ReadAction\",\"target\":[\"https:\/\/kreativeshobby.hu\/index.php\/your-account\/\"]}]},{\"@type\":\"BreadcrumbList\",\"@id\":\"https:\/\/kreativeshobby.hu\/index.php\/your-account\/#breadcrumb\",\"itemListElement\":[{\"@type\":\"ListItem\",\"position\":1,\"name\":\"Kezd\u0151lap\",\"item\":\"https:\/\/kreativeshobby.hu\/\"},{\"@type\":\"ListItem\",\"position\":2,\"name\":\"Sz\u00e1mla\"}]},{\"@type\":\"WebSite\",\"@id\":\"https:\/\/kreativeshobby.hu\/#website\",\"url\":\"https:\/\/kreativeshobby.hu\/\",\"name\":\"Kreat\u00edv+Hobby Alkot\u00f3m\u0171hely\",\"description\":\"Ingyenes horgol\u00e1s mint\u00e1k     |     kreat\u00edv hobby-technik\u00e1k     |     j\u00f3l bev\u00e1lt s\u00fcti receptek\",\"potentialAction\":[{\"@type\":\"SearchAction\",\"target\":{\"@type\":\"EntryPoint\",\"urlTemplate\":\"https:\/\/kreativeshobby.hu\/?s={search_term_string}\"},\"query-input\":\"required name=search_term_string\"}],\"inLanguage\":\"hu\"}]}<\/script>\n<!-- \/ Yoast SEO plugin. -->","yoast_head_json":{"title":"Sz\u00e1mla - Kreat\u00edv+Hobby Alkot\u00f3m\u0171hely","robots":{"index":"index","follow":"follow","max-snippet":"max-snippet:-1","max-image-preview":"max-image-preview:large","max-video-preview":"max-video-preview:-1"},"canonical":"https:\/\/kreativeshobby.hu\/index.php\/your-account\/","og_locale":"hu_HU","og_type":"article","og_title":"Sz\u00e1mla - Kreat\u00edv+Hobby Alkot\u00f3m\u0171hely","og_description":"[userlog] Related Post Horgolt ujjatlan keszty\u0171 2. Amerikai csokis keksz Ilyen volt \u2013 ilyen lett: h\u00fasv\u00e9ti ajt\u00f3d\u00edsz kr... R\u00f3zsa-t\u00fcnd\u00e9r jelmez 1.r\u00e9sz: a fels\u0151r\u00e9sz","og_url":"https:\/\/kreativeshobby.hu\/index.php\/your-account\/","og_site_name":"Kreat\u00edv+Hobby Alkot\u00f3m\u0171hely","article_modified_time":"2015-12-07T21:58:27+00:00","twitter_card":"summary_large_image","schema":{"@context":"https:\/\/schema.org","@graph":[{"@type":"WebPage","@id":"https:\/\/kreativeshobby.hu\/index.php\/your-account\/","url":"https:\/\/kreativeshobby.hu\/index.php\/your-account\/","name":"Sz\u00e1mla - Kreat\u00edv+Hobby Alkot\u00f3m\u0171hely","isPartOf":{"@id":"https:\/\/kreativeshobby.hu\/#website"},"datePublished":"2015-10-16T17:11:21+00:00","dateModified":"2015-12-07T21:58:27+00:00","breadcrumb":{"@id":"https:\/\/kreativeshobby.hu\/index.php\/your-account\/#breadcrumb"},"inLanguage":"hu","potentialAction":[{"@type":"ReadAction","target":["https:\/\/kreativeshobby.hu\/index.php\/your-account\/"]}]},{"@type":"BreadcrumbList","@id":"https:\/\/kreativeshobby.hu\/index.php\/your-account\/#breadcrumb","itemListElement":[{"@type":"ListItem","position":1,"name":"Kezd\u0151lap","item":"https:\/\/kreativeshobby.hu\/"},{"@type":"ListItem","position":2,"name":"Sz\u00e1mla"}]},{"@type":"WebSite","@id":"https:\/\/kreativeshobby.hu\/#website","url":"https:\/\/kreativeshobby.hu\/","name":"Kreat\u00edv+Hobby Alkot\u00f3m\u0171hely","description":"Ingyenes horgol\u00e1s mint\u00e1k     |     kreat\u00edv hobby-technik\u00e1k     |     j\u00f3l bev\u00e1lt s\u00fcti receptek","potentialAction":[{"@type":"SearchAction","target":{"@type":"EntryPoint","urlTemplate":"https:\/\/kreativeshobby.hu\/?s={search_term_string}"},"query-input":"required name=search_term_string"}],"inLanguage":"hu"}]}},"_links":{"self":[{"href":"https:\/\/kreativeshobby.hu\/index.php\/wp-json\/wp\/v2\/pages\/2280","targetHints":{"allow":["GET"]}}],"collection":[{"href":"https:\/\/kreativeshobby.hu\/index.php\/wp-json\/wp\/v2\/pages"}],"about":[{"href":"https:\/\/kreativeshobby.hu\/index.php\/wp-json\/wp\/v2\/types\/page"}],"author":[{"embeddable":true,"href":"https:\/\/kreativeshobby.hu\/index.php\/wp-json\/wp\/v2\/users\/4"}],"replies":[{"embeddable":true,"href":"https:\/\/kreativeshobby.hu\/index.php\/wp-json\/wp\/v2\/comments?post=2280"}],"version-history":[{"count":3,"href":"https:\/\/kreativeshobby.hu\/index.php\/wp-json\/wp\/v2\/pages\/2280\/revisions"}],"predecessor-version":[{"id":3989,"href":"https:\/\/kreativeshobby.hu\/index.php\/wp-json\/wp\/v2\/pages\/2280\/revisions\/3989"}],"wp:attachment":[{"href":"https:\/\/kreativeshobby.hu\/index.php\/wp-json\/wp\/v2\/media?parent=2280"}],"curies":[{"name":"wp","href":"https:\/\/api.w.org\/{rel}","templated":true}]}}