{"id":12464,"date":"2024-11-07T15:02:42","date_gmt":"2024-11-07T14:02:42","guid":{"rendered":"https:\/\/kreativeshobby.hu\/?page_id=12464"},"modified":"2024-11-07T15:02:42","modified_gmt":"2024-11-07T14:02:42","slug":"horgolas-szotar-jelek","status":"publish","type":"page","link":"https:\/\/kreativeshobby.hu\/index.php\/horgolas-szotar-jelek\/","title":{"rendered":"Horgol\u00f3 sz\u00f3t\u00e1rak \u00e9s seg\u00edts\u00e9g"},"content":{"rendered":"<p style=\"text-align: justify;\">Sziasztok! &#x1f60d; Ezen az oldalon tal\u00e1lhattok n\u00e9h\u00e1ny horgol\u00e1s sz\u00f3t\u00e1rt, jeleket, r\u00f6vid\u00edt\u00e9seket t\u00f6bb nyelven is, amiket \u00f6sszehal\u00e1szgattam az interneten \u00e9s t\u00e1bl\u00e1zatba foglaltam. A .pdf-fil-\u00e9rt kattintsatok a k\u00e9p melletti linkre! Rem\u00e9lem, seg\u00edts\u00e9getekre lesznek!<\/p>\n<p style=\"text-align: justify;\"><span style=\"color: #0000ff;\"><em><a style=\"color: #0000ff;\" href=\"http:\/\/kreativeshobby.hu\/index.php\/2016\/01\/02\/amerikai-es-brit-angol-horgolasi-roviditesek-magyarul\/\" target=\"_blank\" rel=\"noopener noreferrer\">Brit \u00e9s amerikai angol-magyar-<\/a>, <a style=\"color: #0000ff;\" href=\"http:\/\/kreativeshobby.hu\/index.php\/2016\/01\/05\/horgoloszotar-angol-francia-magyar-horgolasi-jelek-es-roviditesek\/\" target=\"_blank\" rel=\"noopener noreferrer\">angol-francia-magyar-<\/a>\u00a0, <a style=\"color: #0000ff;\" href=\"http:\/\/kreativeshobby.hu\/index.php\/2016\/01\/03\/horgoloszotar-angol-nemet-magyar-horgolasi-jelek-es-roviditesek\/\" target=\"_blank\" rel=\"noopener noreferrer\">angol-n\u00e9met-magyar\u00a0horgol\u00e1si jelek \u00e9s r\u00f6vid\u00edt\u00e9sek<\/a><\/em> \u00e9s <em><a style=\"color: #0000ff;\" href=\"http:\/\/kreativeshobby.hu\/index.php\/2016\/01\/02\/amerikai-brit-angol-magyar-horoloszotar\/\" target=\"_blank\" rel=\"noopener noreferrer\">brit \u00e9s amerikai angol-magyar-<\/a>, <a style=\"color: #0000ff;\" href=\"http:\/\/kreativeshobby.hu\/index.php\/2016\/01\/04\/horgoloszotar-angol-francia-magyar-horgolasi-roviditesek-es-kifejezesek\/\" target=\"_blank\" rel=\"noopener noreferrer\">angol-francia-magyar<\/a>-,<a style=\"color: #0000ff;\" href=\"http:\/\/kreativeshobby.hu\/index.php\/2016\/01\/03\/angol-nemet-magyar-horgolasi-roviditesek\/\" target=\"_blank\" rel=\"noopener noreferrer\"> angol-n\u00e9met-magyar horgol\u00f3sz\u00f3t\u00e1r<\/a><\/em>\u00a0<\/span>a linkekre kattintva tal\u00e1lhat\u00f3.<\/p>\n<p style=\"text-align: justify;\">\u00a0<\/p>\n<h1 style=\"text-align: center;\"><span style=\"color: #ff6600;\">Horgol\u00e1si r\u00f6vid\u00edt\u00e9sek a Kreat\u00edv+Hobby-n<\/span><\/h1>\n<p>&nbsp;<\/p>\n<table style=\"width: 71.6863%; height: 791px;\" width=\"792\">\n<tbody>\n<tr style=\"height: 24px;\">\n<td style=\"width: 691.6px; height: 24px;\">(): a z\u00e1r\u00f3jelek k\u00f6z\u00e9 \u00edrtakat egy szembe horgoljuk<\/td>\n<\/tr>\n<tr style=\"height: 24px;\">\n<td style=\"width: 691.6px; height: 24px;\">(sz\u00e1m): sor v\u00e9g\u00e9n z\u00e1r\u00f3jelben \u00e9s d\u0151lt sz\u00e1mokkal jel\u00f6l\u00f6m a sorban l\u00e9v\u0151 p\u00e1lc\u00e1k sz\u00e1m\u00e1t\u00a0<\/td>\n<\/tr>\n<tr style=\"height: 24px;\">\n<td style=\"width: 691.6px; height: 24px;\">**: a csillagok k\u00f6z\u00f6tti r\u00e9szt ism\u00e9telj\u00fck<\/td>\n<\/tr>\n<tr style=\"height: 48px;\">\n<td style=\"width: 691.6px; height: 48px;\">[ ]: a kapcsos z\u00e1r\u00f3jelek k\u00f6zti r\u00e9szt t\u00fckr\u00f6zz\u00fck, kiv\u00e9ve a kezd\u0151, magas\u00edt\u00f3 lsz-eket, ezeket p\u00e1lcak\u00e9nt horgoljuk le a sor v\u00e9g\u00e9n<\/td>\n<\/tr>\n<tr style=\"height: 24px;\">\n<td style=\"width: 691.6px; height: 24px;\"><span style=\"color: #0000ff;\">Eerp<\/span>: el\u00f6lr\u0151l hurkolt egyr\u00e1hajt\u00e1sos p\u00e1lca\u00a0 <span style=\"color: #0000ff;\">FPDC<\/span><\/td>\n<\/tr>\n<tr style=\"height: 24px;\">\n<td style=\"width: 691.6px; height: 24px;\">Ekrp: el\u00f6lr\u0151l hurkolt k\u00e9tr\u00e1hajt\u00e1sos p\u00e1lca<\/td>\n<\/tr>\n<tr style=\"height: 24px;\">\n<td style=\"width: 691.6px; height: 24px;\"><span style=\"color: #0000ff;\">erp<\/span>: egyr\u00e1hajt\u00e1sos p\u00e1lca\u00a0 <span style=\"color: #0000ff;\">dc<\/span><\/td>\n<\/tr>\n<tr style=\"height: 96px;\">\n<td style=\"width: 691.6px; height: 96px;\">\n<p>F: fogyaszt\u00e1s pl.: F2kp = 2 kisp\u00e1lc\u00e1t fogyasztunk<\/p>\n<p><span style=\"color: #0000ff;\">Fkp<\/span>: kisp\u00e1lc\u00e1t fogyasztunk\u00a0 <span style=\"color: #0000ff;\">sc decrease<\/span><\/p>\n<\/td>\n<\/tr>\n<tr style=\"height: 24px;\">\n<td style=\"width: 691.6px; height: 24px;\">FF: ford\u00edtott f\u00e9lp\u00e1lca<\/td>\n<\/tr>\n<tr style=\"height: 23px;\">\n<td style=\"width: 691.6px; height: 23px;\">ford.: ford\u00edt\u00e1s<\/td>\n<\/tr>\n<tr style=\"height: 24px;\">\n<td style=\"width: 691.6px; height: 24px;\"><span style=\"color: #0000ff;\">fp<\/span>: f\u00e9lp\u00e1lca\u00a0 <span style=\"color: #0000ff;\">half double crochet<\/span><\/td>\n<\/tr>\n<tr style=\"height: 24px;\">\n<td style=\"width: 691.6px; height: 24px;\">GY: a k\u00f6v. p\u00e1lca el\u0151tt egy gy\u00f6ngy\u00f6t cs\u00fasztatunk az el\u0151z\u0151 p\u00e1lca mell\u00e9<\/td>\n<\/tr>\n<tr style=\"height: 24px;\">\n<td style=\"width: 691.6px; height: 24px;\"><span style=\"color: #0000ff;\">Herp<\/span>: h\u00e1tulr\u00f3l hurkolt egyr\u00e1hajt\u00e1sos p\u00e1lca <span style=\"color: #0000ff;\">BPDC<\/span><\/td>\n<\/tr>\n<tr style=\"height: 24px;\">\n<td style=\"width: 691.6px; height: 24px;\">Hkrp: h\u00e1tulr\u00f3l hurkolt k\u00e9tr\u00e1hajt\u00e1sos p\u00e1lca<\/td>\n<\/tr>\n<tr style=\"height: 24px;\">\n<td style=\"width: 691.6px; height: 24px;\">hrp: h\u00e1romr\u00e1hajt\u00e1sos p\u00e1lca\u00a0<\/td>\n<\/tr>\n<tr style=\"height: 24px;\">\n<td style=\"width: 691.6px; height: 24px;\"><span style=\"color: #0000ff;\">ism<\/span>.: ism\u00e9tl\u00e9s <span style=\"color: #0000ff;\">repeat<\/span><\/td>\n<\/tr>\n<tr style=\"height: 24px;\">\n<td style=\"width: 691.6px; height: 24px;\">KLA: klaszter<\/td>\n<\/tr>\n<tr style=\"height: 24px;\">\n<td style=\"width: 691.6px; height: 24px;\">k\u00f6v.: k\u00f6vetkez\u0151<\/td>\n<\/tr>\n<tr style=\"height: 24px;\">\n<td style=\"width: 691.6px; height: 24px;\"><span style=\"color: #0000ff;\">kp<\/span>: kisp\u00e1lca\u00a0 <span style=\"color: #0000ff;\">sc<\/span><\/td>\n<\/tr>\n<tr style=\"height: 24px;\">\n<td style=\"width: 691.6px; height: 24px;\">krp: k\u00e9tr\u00e1hajt\u00e1sos p\u00e1lca<\/td>\n<\/tr>\n<tr style=\"height: 24px;\">\n<td style=\"width: 691.6px; height: 24px;\">ksz: k\u00fasz\u00f3szem<\/td>\n<\/tr>\n<tr style=\"height: 24px;\">\n<td style=\"width: 691.6px; height: 24px;\">lsz \u00edv: l\u00e1ncszem\u00edv<\/td>\n<\/tr>\n<tr style=\"height: 24px;\">\n<td style=\"width: 691.6px; height: 24px;\"><span style=\"color: #0000ff;\">lsz<\/span>: l\u00e1ncszem <span style=\"color: #0000ff;\">chain<\/span><\/td>\n<\/tr>\n<tr style=\"height: 24px;\">\n<td style=\"width: 691.6px; height: 24px;\">Megj.: megjegyz\u00e9s<\/td>\n<\/tr>\n<tr style=\"height: 24px;\">\n<td style=\"width: 691.6px; height: 24px;\">PK: ford\u00edtott kisp\u00e1lca\u00a0<\/td>\n<\/tr>\n<tr style=\"height: 24px;\">\n<td style=\"width: 691.6px; height: 24px;\">PR: ford\u00edtott r\u00f6vidp\u00e1lca (= ford\u00edtott kisp\u00e1lca)<\/td>\n<\/tr>\n<tr style=\"height: 24px;\">\n<td style=\"width: 691.6px; height: 24px;\">rp: r\u00f6vidp\u00e1lca (=kisp\u00e1lca)<\/td>\n<\/tr>\n<tr style=\"height: 24px;\">\n<td style=\"width: 691.6px; height: 24px;\">SZ: szapor\u00edt\u00e1s pl.:Sz2kp = egy szembe k\u00e9t kisp\u00e1lc\u00e1t horgolunk<\/td>\n<\/tr>\n<tr style=\"height: 24px;\">\n<td style=\"width: 691.6px; height: 24px;\">Xerp: keresztben horgolt erp (ez term\u00e9szetesen mindig 2, egym\u00e1st keresztez\u0151 p\u00e1lc\u00e1t jelent)<\/td>\n<\/tr>\n<\/tbody>\n<\/table>\n<h1>\u00a0<\/h1>\n<h1>\u00a0<\/h1>\n<h1 style=\"text-align: center;\">A tuniszi horgol\u00e1s r\u00f6vid\u00edt\u00e9sei a Kreat\u00edv+Hobby-n<\/h1>\n<p>&nbsp;<\/p>\n<p>Az el\u0151z\u0151eket kieg\u00e9sz\u00edtve speci\u00e1lisan a tuniszi technik\u00e1hoz:<\/p>\n<ul>\n<li>E: el\u0151re<\/li>\n<li>H: h\u00e1tra<\/li>\n<li>TERP: tuniszi erp<\/li>\n<li>TKP: tuniszi kp<\/li>\n<li>TKSZ: tuniszi ksz<\/li>\n<\/ul>\n<p>&nbsp;<\/p>\n<p><a href=\"https:\/\/kreativeshobby.hu\/wp-content\/uploads\/2024\/11\/US-UKkiemeltkep.jpg\" rel=\"lightbox[12464]\"><img loading=\"lazy\" decoding=\"async\" class=\"size-medium wp-image-12472 alignleft\" src=\"https:\/\/kreativeshobby.hu\/wp-content\/uploads\/2024\/11\/US-UKkiemeltkep-300x187.jpg\" alt=\"\" width=\"300\" height=\"187\" srcset=\"https:\/\/kreativeshobby.hu\/wp-content\/uploads\/2024\/11\/US-UKkiemeltkep-300x187.jpg 300w, https:\/\/kreativeshobby.hu\/wp-content\/uploads\/2024\/11\/US-UKkiemeltkep-768x479.jpg 768w, https:\/\/kreativeshobby.hu\/wp-content\/uploads\/2024\/11\/US-UKkiemeltkep.jpg 873w\" sizes=\"auto, (max-width: 300px) 100vw, 300px\" \/><\/a><\/p>\n<p><em><span style=\"color: #0000ff;\"><a style=\"color: #0000ff;\" href=\"https:\/\/kreativeshobby.hu\/wp-content\/uploads\/2024\/11\/Amerikai-es-brit-angol-magyar-horgoloszotar.pdf\">Amerikai- es brit angol-magyar horgoloszotar<\/a><\/span><\/em><\/p>\n<p>&nbsp;<\/p>\n<p>&nbsp;<\/p>\n<p>&nbsp;<\/p>\n<p>&nbsp;<\/p>\n<p>&nbsp;<\/p>\n<p><em><span style=\"color: #0000ff;\"><a href=\"https:\/\/kreativeshobby.hu\/wp-content\/uploads\/2024\/11\/US-D-H2.jpg\" rel=\"lightbox[12464]\"><img loading=\"lazy\" decoding=\"async\" class=\"size-medium wp-image-12467 alignleft\" src=\"https:\/\/kreativeshobby.hu\/wp-content\/uploads\/2024\/11\/US-D-H2-300x186.jpg\" alt=\"\" width=\"300\" height=\"186\" srcset=\"https:\/\/kreativeshobby.hu\/wp-content\/uploads\/2024\/11\/US-D-H2-300x186.jpg 300w, https:\/\/kreativeshobby.hu\/wp-content\/uploads\/2024\/11\/US-D-H2-768x476.jpg 768w, https:\/\/kreativeshobby.hu\/wp-content\/uploads\/2024\/11\/US-D-H2.jpg 869w\" sizes=\"auto, (max-width: 300px) 100vw, 300px\" \/><\/a><a style=\"color: #0000ff;\" href=\"https:\/\/kreativeshobby.hu\/wp-content\/uploads\/2024\/11\/US-D-H.pdf\">US-D-H<\/a><\/span><\/em><\/p>\n<p>&nbsp;<\/p>\n<p>&nbsp;<\/p>\n<p>&nbsp;<\/p>\n<p>&nbsp;<\/p>\n<p>&nbsp;<\/p>\n<p><em><span style=\"color: #0000ff;\"><a href=\"https:\/\/kreativeshobby.hu\/wp-content\/uploads\/2024\/11\/US-D-H.jpg\" rel=\"lightbox[12464]\"><img loading=\"lazy\" decoding=\"async\" class=\"size-medium wp-image-12466 alignleft\" src=\"https:\/\/kreativeshobby.hu\/wp-content\/uploads\/2024\/11\/US-D-H-300x187.jpg\" alt=\"\" width=\"300\" height=\"187\" srcset=\"https:\/\/kreativeshobby.hu\/wp-content\/uploads\/2024\/11\/US-D-H-300x187.jpg 300w, https:\/\/kreativeshobby.hu\/wp-content\/uploads\/2024\/11\/US-D-H-768x479.jpg 768w, https:\/\/kreativeshobby.hu\/wp-content\/uploads\/2024\/11\/US-D-H.jpg 877w\" sizes=\"auto, (max-width: 300px) 100vw, 300px\" \/><\/a><a style=\"color: #0000ff;\" href=\"https:\/\/kreativeshobby.hu\/wp-content\/uploads\/2024\/11\/US-D-H2pdf.pdf\">US-D-H2pdf<\/a><\/span><\/em><\/p>\n<p>&nbsp;<\/p>\n<p>&nbsp;<\/p>\n<p>&nbsp;<\/p>\n<p>&nbsp;<\/p>\n<p>&nbsp;<\/p>\n<p><em><span style=\"color: #0000ff;\"><a href=\"https:\/\/kreativeshobby.hu\/wp-content\/uploads\/2024\/11\/US-F-1.jpg\" rel=\"lightbox[12464]\"><img loading=\"lazy\" decoding=\"async\" class=\"size-medium wp-image-12477 alignleft\" src=\"https:\/\/kreativeshobby.hu\/wp-content\/uploads\/2024\/11\/US-F-1-300x187.jpg\" alt=\"\" width=\"300\" height=\"187\" srcset=\"https:\/\/kreativeshobby.hu\/wp-content\/uploads\/2024\/11\/US-F-1-300x187.jpg 300w, https:\/\/kreativeshobby.hu\/wp-content\/uploads\/2024\/11\/US-F-1-768x478.jpg 768w, https:\/\/kreativeshobby.hu\/wp-content\/uploads\/2024\/11\/US-F-1.jpg 869w\" sizes=\"auto, (max-width: 300px) 100vw, 300px\" \/><\/a><a style=\"color: #0000ff;\" href=\"https:\/\/kreativeshobby.hu\/wp-content\/uploads\/2024\/11\/US-F.pdf\">US-F<\/a><\/span><\/em><\/p>\n<p>&nbsp;<\/p>\n<p>&nbsp;<\/p>\n<p>&nbsp;<\/p>\n<p>&nbsp;<\/p>\n<p>&nbsp;<\/p>\n<p><em><span style=\"color: #0000ff;\"><a style=\"color: #0000ff;\" href=\"https:\/\/kreativeshobby.hu\/wp-content\/uploads\/2024\/11\/US-F-H2.pdf\">US-F-H2<\/a><\/span><\/em><a href=\"https:\/\/kreativeshobby.hu\/wp-content\/uploads\/2024\/11\/US-F2-1.jpg\" rel=\"lightbox[12464]\"><img loading=\"lazy\" decoding=\"async\" class=\"size-medium wp-image-12478 alignleft\" src=\"https:\/\/kreativeshobby.hu\/wp-content\/uploads\/2024\/11\/US-F2-1-300x189.jpg\" alt=\"\" width=\"300\" height=\"189\" srcset=\"https:\/\/kreativeshobby.hu\/wp-content\/uploads\/2024\/11\/US-F2-1-300x189.jpg 300w, https:\/\/kreativeshobby.hu\/wp-content\/uploads\/2024\/11\/US-F2-1-768x484.jpg 768w, https:\/\/kreativeshobby.hu\/wp-content\/uploads\/2024\/11\/US-F2-1.jpg 861w\" sizes=\"auto, (max-width: 300px) 100vw, 300px\" \/><\/a><\/p>\n<p>&nbsp;<\/p>\n<p>&nbsp;<\/p>\n<p>&nbsp;<\/p>\n<p>&nbsp;<\/p>\n<p>&nbsp;<\/p>\n<p><em><span style=\"color: #0000ff;\"><a style=\"color: #0000ff;\" href=\"https:\/\/kreativeshobby.hu\/wp-content\/uploads\/2024\/11\/US-UK.pdf\">US-UK<\/a><\/span><\/em><a href=\"https:\/\/kreativeshobby.hu\/wp-content\/uploads\/2024\/11\/US-UKabb-1.jpg\" rel=\"lightbox[12464]\"><img loading=\"lazy\" decoding=\"async\" class=\"size-medium wp-image-12480 alignleft\" src=\"https:\/\/kreativeshobby.hu\/wp-content\/uploads\/2024\/11\/US-UKabb-1-300x186.jpg\" alt=\"\" width=\"300\" height=\"186\" srcset=\"https:\/\/kreativeshobby.hu\/wp-content\/uploads\/2024\/11\/US-UKabb-1-300x186.jpg 300w, https:\/\/kreativeshobby.hu\/wp-content\/uploads\/2024\/11\/US-UKabb-1-768x476.jpg 768w, https:\/\/kreativeshobby.hu\/wp-content\/uploads\/2024\/11\/US-UKabb-1.jpg 867w\" sizes=\"auto, (max-width: 300px) 100vw, 300px\" \/><\/a><\/p>\n<p>&nbsp;<\/p>\n<!-- Facebook Page Plugin by Medust: http:\/\/medust.com -->\r\n\t\t<div class=\"fb-recommendations-bar\" data-href=\"https:\/\/kreativeshobby.hu\/index.php\/horgolas-szotar-jelek\/\" data-read-time=\"25\" data-side=\"\" data-action=\"like\"><\/div><!-- Begin Yuzo --><div class='yuzo_related_post style-1'  data-version='5.12.80'><!-- without result --><div class='yuzo_clearfixed yuzo__title yuzo__title'><h3>Related Post<\/h3><\/div>\n\t\t\t\t\t\t  <div class=\"relatedthumb \" style=\"width:125px;float:left;overflow:hidden;\">  \n\t\t\t\t\t\t\t  \n\t\t\t\t\t\t\t  <a  href=\"https:\/\/kreativeshobby.hu\/index.php\/2015\/03\/09\/horgolt-husveti-nyuszilany\/\"  >\n\t\t\t\t\t\t\t\t\t  <div class=\"yuzo-img-wrap \" style=\"width: 125px;height:90px;\">\n\t\t\t\t\t\t\t\t\t\t\n\t\t\t\t\t\t\t\t\t\t<div class=\"yuzo-img\" style=\"background:url('https:\/\/kreativeshobby.hu\/wp-content\/uploads\/2015\/03\/2015-03-14-16.35.50-150x150.jpg') 50% 50% no-repeat;width: 125px;height:90px;margin-bottom: 5px;background-size: cover; \"><\/div>\n\t\t\t\t\t\t\t\t\t  <\/div>\n\t\t\t\t\t\t\t\t\t  \n\t\t\t\t\t\t\t\t   <span class=\"yuzo__text--title\" style=\"font-size:13px;\">Horgolt h\u00fasv\u00e9ti nyuszil\u00e1ny<\/span>\n\t\t\t\t\t\t\t  \n\t\t\t\t\t\t\t  \n\t\t\t\t\t\t\t  <\/a>\n\n\t\t\t\t\t\t  <\/div>\n\t\t\t\t\t\t  <div class=\"relatedthumb \" style=\"width:125px;float:left;overflow:hidden;\">  \n\t\t\t\t\t\t\t  \n\t\t\t\t\t\t\t  <a  href=\"https:\/\/kreativeshobby.hu\/index.php\/2020\/06\/14\/horgolt-rozsas-nyakek\/\"  >\n\t\t\t\t\t\t\t\t\t  <div class=\"yuzo-img-wrap \" style=\"width: 125px;height:90px;\">\n\t\t\t\t\t\t\t\t\t\t\n\t\t\t\t\t\t\t\t\t\t<div class=\"yuzo-img\" style=\"background:url('https:\/\/kreativeshobby.hu\/wp-content\/uploads\/2020\/06\/20200605_101541-150x150.jpg') 50% 50% no-repeat;width: 125px;height:90px;margin-bottom: 5px;background-size: cover; \"><\/div>\n\t\t\t\t\t\t\t\t\t  <\/div>\n\t\t\t\t\t\t\t\t\t  \n\t\t\t\t\t\t\t\t   <span class=\"yuzo__text--title\" style=\"font-size:13px;\">Horgolt r\u00f3zs\u00e1s nyak\u00e9k<\/span>\n\t\t\t\t\t\t\t  \n\t\t\t\t\t\t\t  \n\t\t\t\t\t\t\t  <\/a>\n\n\t\t\t\t\t\t  <\/div>\n\t\t\t\t\t\t  <div class=\"relatedthumb \" style=\"width:125px;float:left;overflow:hidden;\">  \n\t\t\t\t\t\t\t  \n\t\t\t\t\t\t\t  <a  href=\"https:\/\/kreativeshobby.hu\/index.php\/2015\/12\/12\/flitteres-gomb-karacsonyfadisz\/\"  >\n\t\t\t\t\t\t\t\t\t  <div class=\"yuzo-img-wrap \" style=\"width: 125px;height:90px;\">\n\t\t\t\t\t\t\t\t\t\t\n\t\t\t\t\t\t\t\t\t\t<div class=\"yuzo-img\" style=\"background:url('https:\/\/kreativeshobby.hu\/wp-content\/uploads\/2015\/12\/20151212_171132-e1449939088670-150x150.jpg') 50% 50% no-repeat;width: 125px;height:90px;margin-bottom: 5px;background-size: cover; \"><\/div>\n\t\t\t\t\t\t\t\t\t  <\/div>\n\t\t\t\t\t\t\t\t\t  \n\t\t\t\t\t\t\t\t   <span class=\"yuzo__text--title\" style=\"font-size:13px;\">Flitteres g\u00f6mb kar\u00e1csonyfad\u00edsz<\/span>\n\t\t\t\t\t\t\t  \n\t\t\t\t\t\t\t  \n\t\t\t\t\t\t\t  <\/a>\n\n\t\t\t\t\t\t  <\/div>\n\t\t\t\t\t\t  <div class=\"relatedthumb \" style=\"width:125px;float:left;overflow:hidden;\">  \n\t\t\t\t\t\t\t  \n\t\t\t\t\t\t\t  <a  href=\"https:\/\/kreativeshobby.hu\/index.php\/2016\/11\/25\/hungarocell-hoemberes-ajtodisz\/\"  >\n\t\t\t\t\t\t\t\t\t  <div class=\"yuzo-img-wrap \" style=\"width: 125px;height:90px;\">\n\t\t\t\t\t\t\t\t\t\t\n\t\t\t\t\t\t\t\t\t\t<div class=\"yuzo-img\" style=\"background:url('https:\/\/kreativeshobby.hu\/wp-content\/uploads\/2016\/11\/cimkep_jazmin_ajtodisze-150x150.jpg') 50% 50% no-repeat;width: 125px;height:90px;margin-bottom: 5px;background-size: cover; \"><\/div>\n\t\t\t\t\t\t\t\t\t  <\/div>\n\t\t\t\t\t\t\t\t\t  \n\t\t\t\t\t\t\t\t   <span class=\"yuzo__text--title\" style=\"font-size:13px;\">J\u00e1zmin bemutatja: h\u00f3emberes ajt\u00f3d\u00edsz<\/span>\n\t\t\t\t\t\t\t  \n\t\t\t\t\t\t\t  \n\t\t\t\t\t\t\t  <\/a>\n\n\t\t\t\t\t\t  <\/div>\n<\/div> <style>\n\t\t\t\t\t\t\t\t.yuzo_related_post img{width:120px !important; height:110px !important;}\n\t\t\t\t\t\t\t\t.yuzo_related_post .relatedthumb{line-height:15px;background: !important;color:!important;}\n\t\t\t\t\t\t\t\t.yuzo_related_post .relatedthumb:hover{background:#fcfcf4 !important; -webkit-transition: background 0.2s linear; -moz-transition: background 0.2s linear; -o-transition: background 0.2s linear; transition: background 0.2s linear;;color:!important;}\n\t\t\t\t\t\t\t\t.yuzo_related_post .relatedthumb a{color:!important;}\n\t\t\t\t\t\t\t\t.yuzo_related_post .relatedthumb a:hover{ color:}!important;}\n\t\t\t\t\t\t\t\t.yuzo_related_post .relatedthumb:hover a{ color:!important;}\n\t\t\t\t\t\t\t\t.yuzo_related_post .yuzo_text {color:!important;}\n\t\t\t\t\t\t\t\t.yuzo_related_post .relatedthumb:hover .yuzo_text {color:!important;}\n\t\t\t\t\t\t\t\t.yuzo_related_post .relatedthumb{  margin: 0px  0px  0px  0px;   padding: 5px  5px  5px  5px;  }\n\t\t\t\t\t\t\t\t\n\t\t\t\t\t\t\t\t<\/style> <script>\n\t\t\t\t\t\t  jQuery(document).ready(function( $ ){\n\t\t\t\t\t\t\t\/\/jQuery('.yuzo_related_post').equalizer({ overflow : 'relatedthumb' });\n\t\t\t\t\t\t\tjQuery('.yuzo_related_post .yuzo_wraps').equalizer({ columns : '> div' });\n\t\t\t\t\t\t   })\n\t\t\t\t\t\t  <\/script> <!-- End Yuzo :) -->","protected":false},"excerpt":{"rendered":"<p>Sziasztok! &#x1f60d; Ezen az oldalon tal\u00e1lhattok n\u00e9h\u00e1ny horgol\u00e1s sz\u00f3t\u00e1rt, jeleket, r\u00f6vid\u00edt\u00e9seket t\u00f6bb nyelven is, amiket \u00f6sszehal\u00e1szgattam az interneten \u00e9s t\u00e1bl\u00e1zatba foglaltam. A .pdf-fil-\u00e9rt kattintsatok a&#8230;<\/p>\n<p><a class='more-link' href='https:\/\/kreativeshobby.hu\/index.php\/horgolas-szotar-jelek\/'>Olvass tov\u00e1bb<span class='screen-reader-text'>Horgol\u00f3 sz\u00f3t\u00e1rak \u00e9s seg\u00edts\u00e9g<\/span><\/a><\/p>","protected":false},"author":4,"featured_media":0,"parent":0,"menu_order":0,"comment_status":"closed","ping_status":"closed","template":"","meta":{"_mi_skip_tracking":false,"_exactmetrics_sitenote_active":false,"_exactmetrics_sitenote_note":"","_exactmetrics_sitenote_category":0,"footnotes":""},"class_list":["post-12464","page","type-page","status-publish","hentry","entry"],"yoast_head":"<!-- This site is optimized with the Yoast SEO plugin v21.2 - https:\/\/yoast.com\/wordpress\/plugins\/seo\/ -->\n<title>Horgol\u00f3 sz\u00f3t\u00e1rak \u00e9s seg\u00edts\u00e9g - Kreat\u00edv+Hobby Alkot\u00f3m\u0171hely<\/title>\n<meta name=\"robots\" content=\"index, follow, max-snippet:-1, max-image-preview:large, max-video-preview:-1\" \/>\n<link rel=\"canonical\" href=\"https:\/\/kreativeshobby.hu\/index.php\/horgolas-szotar-jelek\/\" \/>\n<meta property=\"og:locale\" content=\"hu_HU\" \/>\n<meta property=\"og:type\" content=\"article\" \/>\n<meta property=\"og:title\" content=\"Horgol\u00f3 sz\u00f3t\u00e1rak \u00e9s seg\u00edts\u00e9g - Kreat\u00edv+Hobby Alkot\u00f3m\u0171hely\" \/>\n<meta property=\"og:description\" content=\"Sziasztok! &#x1f60d; Ezen az oldalon tal\u00e1lhattok n\u00e9h\u00e1ny horgol\u00e1s sz\u00f3t\u00e1rt, jeleket, r\u00f6vid\u00edt\u00e9seket t\u00f6bb nyelven is, amiket \u00f6sszehal\u00e1szgattam az interneten \u00e9s t\u00e1bl\u00e1zatba foglaltam. A .pdf-fil-\u00e9rt kattintsatok a&#8230;\" \/>\n<meta property=\"og:url\" content=\"https:\/\/kreativeshobby.hu\/index.php\/horgolas-szotar-jelek\/\" \/>\n<meta property=\"og:site_name\" content=\"Kreat\u00edv+Hobby Alkot\u00f3m\u0171hely\" \/>\n<meta property=\"og:image\" content=\"https:\/\/kreativeshobby.hu\/wp-content\/uploads\/2024\/11\/US-UKkiemeltkep-300x187.jpg\" \/>\n<meta name=\"twitter:card\" content=\"summary_large_image\" \/>\n<meta name=\"twitter:label1\" content=\"Becs\u00fclt olvas\u00e1si id\u0151\" \/>\n\t<meta name=\"twitter:data1\" content=\"3 perc\" \/>\n<script type=\"application\/ld+json\" class=\"yoast-schema-graph\">{\"@context\":\"https:\/\/schema.org\",\"@graph\":[{\"@type\":\"WebPage\",\"@id\":\"https:\/\/kreativeshobby.hu\/index.php\/horgolas-szotar-jelek\/\",\"url\":\"https:\/\/kreativeshobby.hu\/index.php\/horgolas-szotar-jelek\/\",\"name\":\"Horgol\u00f3 sz\u00f3t\u00e1rak \u00e9s seg\u00edts\u00e9g - Kreat\u00edv+Hobby Alkot\u00f3m\u0171hely\",\"isPartOf\":{\"@id\":\"https:\/\/kreativeshobby.hu\/#website\"},\"datePublished\":\"2024-11-07T14:02:42+00:00\",\"dateModified\":\"2024-11-07T14:02:42+00:00\",\"breadcrumb\":{\"@id\":\"https:\/\/kreativeshobby.hu\/index.php\/horgolas-szotar-jelek\/#breadcrumb\"},\"inLanguage\":\"hu\",\"potentialAction\":[{\"@type\":\"ReadAction\",\"target\":[\"https:\/\/kreativeshobby.hu\/index.php\/horgolas-szotar-jelek\/\"]}]},{\"@type\":\"BreadcrumbList\",\"@id\":\"https:\/\/kreativeshobby.hu\/index.php\/horgolas-szotar-jelek\/#breadcrumb\",\"itemListElement\":[{\"@type\":\"ListItem\",\"position\":1,\"name\":\"Kezd\u0151lap\",\"item\":\"https:\/\/kreativeshobby.hu\/\"},{\"@type\":\"ListItem\",\"position\":2,\"name\":\"Horgol\u00f3 sz\u00f3t\u00e1rak \u00e9s seg\u00edts\u00e9g\"}]},{\"@type\":\"WebSite\",\"@id\":\"https:\/\/kreativeshobby.hu\/#website\",\"url\":\"https:\/\/kreativeshobby.hu\/\",\"name\":\"Kreat\u00edv+Hobby Alkot\u00f3m\u0171hely\",\"description\":\"Ingyenes horgol\u00e1s mint\u00e1k     |     kreat\u00edv hobby-technik\u00e1k     |     j\u00f3l bev\u00e1lt s\u00fcti receptek\",\"potentialAction\":[{\"@type\":\"SearchAction\",\"target\":{\"@type\":\"EntryPoint\",\"urlTemplate\":\"https:\/\/kreativeshobby.hu\/?s={search_term_string}\"},\"query-input\":\"required name=search_term_string\"}],\"inLanguage\":\"hu\"}]}<\/script>\n<!-- \/ Yoast SEO plugin. -->","yoast_head_json":{"title":"Horgol\u00f3 sz\u00f3t\u00e1rak \u00e9s seg\u00edts\u00e9g - Kreat\u00edv+Hobby Alkot\u00f3m\u0171hely","robots":{"index":"index","follow":"follow","max-snippet":"max-snippet:-1","max-image-preview":"max-image-preview:large","max-video-preview":"max-video-preview:-1"},"canonical":"https:\/\/kreativeshobby.hu\/index.php\/horgolas-szotar-jelek\/","og_locale":"hu_HU","og_type":"article","og_title":"Horgol\u00f3 sz\u00f3t\u00e1rak \u00e9s seg\u00edts\u00e9g - Kreat\u00edv+Hobby Alkot\u00f3m\u0171hely","og_description":"Sziasztok! &#x1f60d; Ezen az oldalon tal\u00e1lhattok n\u00e9h\u00e1ny horgol\u00e1s sz\u00f3t\u00e1rt, jeleket, r\u00f6vid\u00edt\u00e9seket t\u00f6bb nyelven is, amiket \u00f6sszehal\u00e1szgattam az interneten \u00e9s t\u00e1bl\u00e1zatba foglaltam. A .pdf-fil-\u00e9rt kattintsatok a&#8230;","og_url":"https:\/\/kreativeshobby.hu\/index.php\/horgolas-szotar-jelek\/","og_site_name":"Kreat\u00edv+Hobby Alkot\u00f3m\u0171hely","og_image":[{"url":"https:\/\/kreativeshobby.hu\/wp-content\/uploads\/2024\/11\/US-UKkiemeltkep-300x187.jpg"}],"twitter_card":"summary_large_image","twitter_misc":{"Becs\u00fclt olvas\u00e1si id\u0151":"3 perc"},"schema":{"@context":"https:\/\/schema.org","@graph":[{"@type":"WebPage","@id":"https:\/\/kreativeshobby.hu\/index.php\/horgolas-szotar-jelek\/","url":"https:\/\/kreativeshobby.hu\/index.php\/horgolas-szotar-jelek\/","name":"Horgol\u00f3 sz\u00f3t\u00e1rak \u00e9s seg\u00edts\u00e9g - Kreat\u00edv+Hobby Alkot\u00f3m\u0171hely","isPartOf":{"@id":"https:\/\/kreativeshobby.hu\/#website"},"datePublished":"2024-11-07T14:02:42+00:00","dateModified":"2024-11-07T14:02:42+00:00","breadcrumb":{"@id":"https:\/\/kreativeshobby.hu\/index.php\/horgolas-szotar-jelek\/#breadcrumb"},"inLanguage":"hu","potentialAction":[{"@type":"ReadAction","target":["https:\/\/kreativeshobby.hu\/index.php\/horgolas-szotar-jelek\/"]}]},{"@type":"BreadcrumbList","@id":"https:\/\/kreativeshobby.hu\/index.php\/horgolas-szotar-jelek\/#breadcrumb","itemListElement":[{"@type":"ListItem","position":1,"name":"Kezd\u0151lap","item":"https:\/\/kreativeshobby.hu\/"},{"@type":"ListItem","position":2,"name":"Horgol\u00f3 sz\u00f3t\u00e1rak \u00e9s seg\u00edts\u00e9g"}]},{"@type":"WebSite","@id":"https:\/\/kreativeshobby.hu\/#website","url":"https:\/\/kreativeshobby.hu\/","name":"Kreat\u00edv+Hobby Alkot\u00f3m\u0171hely","description":"Ingyenes horgol\u00e1s mint\u00e1k     |     kreat\u00edv hobby-technik\u00e1k     |     j\u00f3l bev\u00e1lt s\u00fcti receptek","potentialAction":[{"@type":"SearchAction","target":{"@type":"EntryPoint","urlTemplate":"https:\/\/kreativeshobby.hu\/?s={search_term_string}"},"query-input":"required name=search_term_string"}],"inLanguage":"hu"}]}},"_links":{"self":[{"href":"https:\/\/kreativeshobby.hu\/index.php\/wp-json\/wp\/v2\/pages\/12464","targetHints":{"allow":["GET"]}}],"collection":[{"href":"https:\/\/kreativeshobby.hu\/index.php\/wp-json\/wp\/v2\/pages"}],"about":[{"href":"https:\/\/kreativeshobby.hu\/index.php\/wp-json\/wp\/v2\/types\/page"}],"author":[{"embeddable":true,"href":"https:\/\/kreativeshobby.hu\/index.php\/wp-json\/wp\/v2\/users\/4"}],"replies":[{"embeddable":true,"href":"https:\/\/kreativeshobby.hu\/index.php\/wp-json\/wp\/v2\/comments?post=12464"}],"version-history":[{"count":4,"href":"https:\/\/kreativeshobby.hu\/index.php\/wp-json\/wp\/v2\/pages\/12464\/revisions"}],"predecessor-version":[{"id":12484,"href":"https:\/\/kreativeshobby.hu\/index.php\/wp-json\/wp\/v2\/pages\/12464\/revisions\/12484"}],"wp:attachment":[{"href":"https:\/\/kreativeshobby.hu\/index.php\/wp-json\/wp\/v2\/media?parent=12464"}],"curies":[{"name":"wp","href":"https:\/\/api.w.org\/{rel}","templated":true}]}}