{"id":10532,"date":"2021-03-16T21:10:38","date_gmt":"2021-03-16T20:10:38","guid":{"rendered":"https:\/\/kreativeshobby.hu\/?page_id=10532"},"modified":"2021-03-17T14:47:54","modified_gmt":"2021-03-17T13:47:54","slug":"horgolt-oszi-szinkavalkad","status":"publish","type":"page","link":"https:\/\/kreativeshobby.hu\/index.php\/horgolt-oszi-szinkavalkad\/","title":{"rendered":"Horgolt \u0151szi sz\u00ednkavalk\u00e1d"},"content":{"rendered":"<h2><span style=\"color: #339966;\"><strong>Csak katt a k\u00e9pekre \u00e9s megny\u00edlik az ingyenes minta!\u00a0<img decoding=\"async\" class=\"emoji\" draggable=\"false\" src=\"https:\/\/s.w.org\/images\/core\/emoji\/11.2.0\/svg\/1f642.svg\" alt=\"&#x1f642;\" \/><\/strong><\/span><\/h2>\n<p>&nbsp;<\/p>\n<p><figure id=\"attachment_2572\" aria-describedby=\"caption-attachment-2572\" style=\"width: 300px\" class=\"wp-caption alignleft\"><a href=\"https:\/\/kreativeshobby.hu\/index.php\/2015\/10\/30\/horgolt-oszi-ajtodisz\/\" target=\"_blank\" rel=\"noopener noreferrer\"><img loading=\"lazy\" decoding=\"async\" class=\"size-medium wp-image-2572\" src=\"https:\/\/kreativeshobby.hu\/wp-content\/uploads\/2015\/10\/20151029_214421-e1446198811218-300x242.jpg\" alt=\"\" width=\"300\" height=\"242\" srcset=\"https:\/\/kreativeshobby.hu\/wp-content\/uploads\/2015\/10\/20151029_214421-e1446198811218-300x242.jpg 300w, https:\/\/kreativeshobby.hu\/wp-content\/uploads\/2015\/10\/20151029_214421-e1446198811218-1024x827.jpg 1024w, https:\/\/kreativeshobby.hu\/wp-content\/uploads\/2015\/10\/20151029_214421-e1446198811218-148x120.jpg 148w, https:\/\/kreativeshobby.hu\/wp-content\/uploads\/2015\/10\/20151029_214421-e1446198811218-31x25.jpg 31w, https:\/\/kreativeshobby.hu\/wp-content\/uploads\/2015\/10\/20151029_214421-e1446198811218-38x31.jpg 38w, https:\/\/kreativeshobby.hu\/wp-content\/uploads\/2015\/10\/20151029_214421-e1446198811218-266x215.jpg 266w\" sizes=\"auto, (max-width: 300px) 100vw, 300px\" \/><\/a><figcaption id=\"caption-attachment-2572\" class=\"wp-caption-text\">\u0150szi ajt\u00f3d\u00edsz: a r\u00e9szletek felt\u0171z\u00e9se<\/figcaption><\/figure> <figure id=\"attachment_2615\" aria-describedby=\"caption-attachment-2615\" style=\"width: 300px\" class=\"wp-caption alignleft\"><a href=\"https:\/\/kreativeshobby.hu\/index.php\/2015\/10\/31\/tobozkoszoru-halottak-napjara\/\" target=\"_blank\" rel=\"noopener noreferrer\"><img loading=\"lazy\" decoding=\"async\" class=\"size-medium wp-image-2615\" src=\"https:\/\/kreativeshobby.hu\/wp-content\/uploads\/2015\/10\/20151031_134330-e1446311089325-300x244.jpg\" alt=\"\" width=\"300\" height=\"244\" srcset=\"https:\/\/kreativeshobby.hu\/wp-content\/uploads\/2015\/10\/20151031_134330-e1446311089325-300x244.jpg 300w, https:\/\/kreativeshobby.hu\/wp-content\/uploads\/2015\/10\/20151031_134330-e1446311089325-1024x833.jpg 1024w, https:\/\/kreativeshobby.hu\/wp-content\/uploads\/2015\/10\/20151031_134330-e1446311089325-148x120.jpg 148w, https:\/\/kreativeshobby.hu\/wp-content\/uploads\/2015\/10\/20151031_134330-e1446311089325-31x25.jpg 31w, https:\/\/kreativeshobby.hu\/wp-content\/uploads\/2015\/10\/20151031_134330-e1446311089325-38x31.jpg 38w, https:\/\/kreativeshobby.hu\/wp-content\/uploads\/2015\/10\/20151031_134330-e1446311089325-264x215.jpg 264w\" sizes=\"auto, (max-width: 300px) 100vw, 300px\" \/><\/a><figcaption id=\"caption-attachment-2615\" class=\"wp-caption-text\">Toboz koszor\u00fa halottak napj\u00e1ra<\/figcaption><\/figure><\/p>\n<!-- Facebook Page Plugin by Medust: http:\/\/medust.com -->\r\n\t\t<div class=\"fb-recommendations-bar\" data-href=\"https:\/\/kreativeshobby.hu\/index.php\/horgolt-oszi-szinkavalkad\/\" data-read-time=\"25\" data-side=\"\" data-action=\"like\"><\/div><!-- Begin Yuzo --><div class='yuzo_related_post style-1'  data-version='5.12.80'><!-- without result --><div class='yuzo_clearfixed yuzo__title yuzo__title'><h3>Related Post<\/h3><\/div>\n\t\t\t\t\t\t  <div class=\"relatedthumb \" style=\"width:125px;float:left;overflow:hidden;\">  \n\t\t\t\t\t\t\t  \n\t\t\t\t\t\t\t  <a  href=\"https:\/\/kreativeshobby.hu\/index.php\/2021\/03\/16\/muhelytitkok\/\"  >\n\t\t\t\t\t\t\t\t\t  <div class=\"yuzo-img-wrap \" style=\"width: 125px;height:90px;\">\n\t\t\t\t\t\t\t\t\t\t\n\t\t\t\t\t\t\t\t\t\t<div class=\"yuzo-img\" style=\"background:url('https:\/\/kreativeshobby.hu\/wp-content\/uploads\/2021\/03\/20160111_151713_conflict-20170421-094506-150x150.jpg') 50% 50% no-repeat;width: 125px;height:90px;margin-bottom: 5px;background-size: cover; \"><\/div>\n\t\t\t\t\t\t\t\t\t  <\/div>\n\t\t\t\t\t\t\t\t\t  \n\t\t\t\t\t\t\t\t   <span class=\"yuzo__text--title\" style=\"font-size:13px;\">M\u0171helytitkok \u00e9s k\u00f6sz\u00f6net<\/span>\n\t\t\t\t\t\t\t  \n\t\t\t\t\t\t\t  \n\t\t\t\t\t\t\t  <\/a>\n\n\t\t\t\t\t\t  <\/div>\n\t\t\t\t\t\t  <div class=\"relatedthumb \" style=\"width:125px;float:left;overflow:hidden;\">  \n\t\t\t\t\t\t\t  \n\t\t\t\t\t\t\t  <a  href=\"https:\/\/kreativeshobby.hu\/index.php\/2021\/12\/11\/horgolt-karacsonyfa-szoknya\/\"  >\n\t\t\t\t\t\t\t\t\t  <div class=\"yuzo-img-wrap \" style=\"width: 125px;height:90px;\">\n\t\t\t\t\t\t\t\t\t\t\n\t\t\t\t\t\t\t\t\t\t<div class=\"yuzo-img\" style=\"background:url('https:\/\/kreativeshobby.hu\/wp-content\/uploads\/2016\/11\/20181225_124151-150x150.jpg') 50% 50% no-repeat;width: 125px;height:90px;margin-bottom: 5px;background-size: cover; \"><\/div>\n\t\t\t\t\t\t\t\t\t  <\/div>\n\t\t\t\t\t\t\t\t\t  \n\t\t\t\t\t\t\t\t   <span class=\"yuzo__text--title\" style=\"font-size:13px;\">Horgolt kar\u00e1csonyfa szoknya<\/span>\n\t\t\t\t\t\t\t  \n\t\t\t\t\t\t\t  \n\t\t\t\t\t\t\t  <\/a>\n\n\t\t\t\t\t\t  <\/div>\n\t\t\t\t\t\t  <div class=\"relatedthumb \" style=\"width:125px;float:left;overflow:hidden;\">  \n\t\t\t\t\t\t\t  \n\t\t\t\t\t\t\t  <a  href=\"https:\/\/kreativeshobby.hu\/index.php\/2015\/08\/19\/afrikai-virag-mintas-penztarca\/\"  >\n\t\t\t\t\t\t\t\t\t  <div class=\"yuzo-img-wrap \" style=\"width: 125px;height:90px;\">\n\t\t\t\t\t\t\t\t\t\t\n\t\t\t\t\t\t\t\t\t\t<div class=\"yuzo-img\" style=\"background:url('https:\/\/kreativeshobby.hu\/wp-content\/uploads\/2016\/03\/20150817_103552-e1457776042451-150x150.jpg') 50% 50% no-repeat;width: 125px;height:90px;margin-bottom: 5px;background-size: cover; \"><\/div>\n\t\t\t\t\t\t\t\t\t  <\/div>\n\t\t\t\t\t\t\t\t\t  \n\t\t\t\t\t\t\t\t   <span class=\"yuzo__text--title\" style=\"font-size:13px;\">Horgolt afrikai vir\u00e1g mint\u00e1s p\u00e9nzt\u00e1rca<\/span>\n\t\t\t\t\t\t\t  \n\t\t\t\t\t\t\t  \n\t\t\t\t\t\t\t  <\/a>\n\n\t\t\t\t\t\t  <\/div>\n\t\t\t\t\t\t  <div class=\"relatedthumb \" style=\"width:125px;float:left;overflow:hidden;\">  \n\t\t\t\t\t\t\t  \n\t\t\t\t\t\t\t  <a  href=\"https:\/\/kreativeshobby.hu\/index.php\/2020\/07\/02\/egyszeru-horgolt-level\/\"  >\n\t\t\t\t\t\t\t\t\t  <div class=\"yuzo-img-wrap \" style=\"width: 125px;height:90px;\">\n\t\t\t\t\t\t\t\t\t\t\n\t\t\t\t\t\t\t\t\t\t<div class=\"yuzo-img\" style=\"background:url('https:\/\/kreativeshobby.hu\/wp-content\/uploads\/2020\/07\/20200630_125926-e1593686512583-150x150.jpg') 50% 50% no-repeat;width: 125px;height:90px;margin-bottom: 5px;background-size: cover; \"><\/div>\n\t\t\t\t\t\t\t\t\t  <\/div>\n\t\t\t\t\t\t\t\t\t  \n\t\t\t\t\t\t\t\t   <span class=\"yuzo__text--title\" style=\"font-size:13px;\">Egyszer\u0171 horgolt lev\u00e9l<\/span>\n\t\t\t\t\t\t\t  \n\t\t\t\t\t\t\t  \n\t\t\t\t\t\t\t  <\/a>\n\n\t\t\t\t\t\t  <\/div>\n<\/div> <style>\n\t\t\t\t\t\t\t\t.yuzo_related_post img{width:120px !important; height:110px !important;}\n\t\t\t\t\t\t\t\t.yuzo_related_post .relatedthumb{line-height:15px;background: !important;color:!important;}\n\t\t\t\t\t\t\t\t.yuzo_related_post .relatedthumb:hover{background:#fcfcf4 !important; -webkit-transition: background 0.2s linear; -moz-transition: background 0.2s linear; -o-transition: background 0.2s linear; transition: background 0.2s linear;;color:!important;}\n\t\t\t\t\t\t\t\t.yuzo_related_post .relatedthumb a{color:!important;}\n\t\t\t\t\t\t\t\t.yuzo_related_post .relatedthumb a:hover{ color:}!important;}\n\t\t\t\t\t\t\t\t.yuzo_related_post .relatedthumb:hover a{ color:!important;}\n\t\t\t\t\t\t\t\t.yuzo_related_post .yuzo_text {color:!important;}\n\t\t\t\t\t\t\t\t.yuzo_related_post .relatedthumb:hover .yuzo_text {color:!important;}\n\t\t\t\t\t\t\t\t.yuzo_related_post .relatedthumb{  margin: 0px  0px  0px  0px;   padding: 5px  5px  5px  5px;  }\n\t\t\t\t\t\t\t\t\n\t\t\t\t\t\t\t\t<\/style> <script>\n\t\t\t\t\t\t  jQuery(document).ready(function( $ ){\n\t\t\t\t\t\t\t\/\/jQuery('.yuzo_related_post').equalizer({ overflow : 'relatedthumb' });\n\t\t\t\t\t\t\tjQuery('.yuzo_related_post .yuzo_wraps').equalizer({ columns : '> div' });\n\t\t\t\t\t\t   })\n\t\t\t\t\t\t  <\/script> <!-- End Yuzo :) -->","protected":false},"excerpt":{"rendered":"<p>Csak katt a k\u00e9pekre \u00e9s megny\u00edlik az ingyenes minta!\u00a0 &nbsp; Related Post 3D horgolt pillang\u00f3 Egyszer\u0171 glut\u00e9nmentes kevert s\u00fcti \u00dcnnepl\u0151s szokny\u00e1cska Horgolt csillag (amigurumi)<\/p>\n<p><a class='more-link' href='https:\/\/kreativeshobby.hu\/index.php\/horgolt-oszi-szinkavalkad\/'>Olvass tov\u00e1bb<span class='screen-reader-text'>Horgolt \u0151szi sz\u00ednkavalk\u00e1d<\/span><\/a><\/p>","protected":false},"author":4,"featured_media":0,"parent":0,"menu_order":0,"comment_status":"closed","ping_status":"closed","template":"","meta":{"_mi_skip_tracking":false,"_exactmetrics_sitenote_active":false,"_exactmetrics_sitenote_note":"","_exactmetrics_sitenote_category":0,"footnotes":""},"class_list":["post-10532","page","type-page","status-publish","hentry","entry"],"yoast_head":"<!-- This site is optimized with the Yoast SEO plugin v21.2 - https:\/\/yoast.com\/wordpress\/plugins\/seo\/ -->\n<title>Horgolt \u0151szi sz\u00ednkavalk\u00e1d - Kreat\u00edv+Hobby Alkot\u00f3m\u0171hely<\/title>\n<meta name=\"robots\" content=\"index, follow, max-snippet:-1, max-image-preview:large, max-video-preview:-1\" \/>\n<link rel=\"canonical\" href=\"https:\/\/kreativeshobby.hu\/index.php\/horgolt-oszi-szinkavalkad\/\" \/>\n<meta property=\"og:locale\" content=\"hu_HU\" \/>\n<meta property=\"og:type\" content=\"article\" \/>\n<meta property=\"og:title\" content=\"Horgolt \u0151szi sz\u00ednkavalk\u00e1d - Kreat\u00edv+Hobby Alkot\u00f3m\u0171hely\" \/>\n<meta property=\"og:description\" content=\"Csak katt a k\u00e9pekre \u00e9s megny\u00edlik az ingyenes minta!\u00a0 &nbsp; Related Post Dekup\u00e1zsolt d\u00edszdobozok Vid\u00e1m horgolt sz\u0151nyeg Horgolt kar\u00e1csonyfa szoknya Gyors amerikai alm\u00e1s pite\" \/>\n<meta property=\"og:url\" content=\"https:\/\/kreativeshobby.hu\/index.php\/horgolt-oszi-szinkavalkad\/\" \/>\n<meta property=\"og:site_name\" content=\"Kreat\u00edv+Hobby Alkot\u00f3m\u0171hely\" \/>\n<meta property=\"article:modified_time\" content=\"2021-03-17T13:47:54+00:00\" \/>\n<meta property=\"og:image\" content=\"https:\/\/s.w.org\/images\/core\/emoji\/11.2.0\/svg\/1f642.svg\" \/>\n<meta name=\"twitter:card\" content=\"summary_large_image\" \/>\n<script type=\"application\/ld+json\" class=\"yoast-schema-graph\">{\"@context\":\"https:\/\/schema.org\",\"@graph\":[{\"@type\":\"WebPage\",\"@id\":\"https:\/\/kreativeshobby.hu\/index.php\/horgolt-oszi-szinkavalkad\/\",\"url\":\"https:\/\/kreativeshobby.hu\/index.php\/horgolt-oszi-szinkavalkad\/\",\"name\":\"Horgolt \u0151szi sz\u00ednkavalk\u00e1d - Kreat\u00edv+Hobby Alkot\u00f3m\u0171hely\",\"isPartOf\":{\"@id\":\"https:\/\/kreativeshobby.hu\/#website\"},\"datePublished\":\"2021-03-16T20:10:38+00:00\",\"dateModified\":\"2021-03-17T13:47:54+00:00\",\"breadcrumb\":{\"@id\":\"https:\/\/kreativeshobby.hu\/index.php\/horgolt-oszi-szinkavalkad\/#breadcrumb\"},\"inLanguage\":\"hu\",\"potentialAction\":[{\"@type\":\"ReadAction\",\"target\":[\"https:\/\/kreativeshobby.hu\/index.php\/horgolt-oszi-szinkavalkad\/\"]}]},{\"@type\":\"BreadcrumbList\",\"@id\":\"https:\/\/kreativeshobby.hu\/index.php\/horgolt-oszi-szinkavalkad\/#breadcrumb\",\"itemListElement\":[{\"@type\":\"ListItem\",\"position\":1,\"name\":\"Kezd\u0151lap\",\"item\":\"https:\/\/kreativeshobby.hu\/\"},{\"@type\":\"ListItem\",\"position\":2,\"name\":\"Horgolt \u0151szi sz\u00ednkavalk\u00e1d\"}]},{\"@type\":\"WebSite\",\"@id\":\"https:\/\/kreativeshobby.hu\/#website\",\"url\":\"https:\/\/kreativeshobby.hu\/\",\"name\":\"Kreat\u00edv+Hobby Alkot\u00f3m\u0171hely\",\"description\":\"Ingyenes horgol\u00e1s mint\u00e1k     |     kreat\u00edv hobby-technik\u00e1k     |     j\u00f3l bev\u00e1lt s\u00fcti receptek\",\"potentialAction\":[{\"@type\":\"SearchAction\",\"target\":{\"@type\":\"EntryPoint\",\"urlTemplate\":\"https:\/\/kreativeshobby.hu\/?s={search_term_string}\"},\"query-input\":\"required name=search_term_string\"}],\"inLanguage\":\"hu\"}]}<\/script>\n<!-- \/ Yoast SEO plugin. -->","yoast_head_json":{"title":"Horgolt \u0151szi sz\u00ednkavalk\u00e1d - Kreat\u00edv+Hobby Alkot\u00f3m\u0171hely","robots":{"index":"index","follow":"follow","max-snippet":"max-snippet:-1","max-image-preview":"max-image-preview:large","max-video-preview":"max-video-preview:-1"},"canonical":"https:\/\/kreativeshobby.hu\/index.php\/horgolt-oszi-szinkavalkad\/","og_locale":"hu_HU","og_type":"article","og_title":"Horgolt \u0151szi sz\u00ednkavalk\u00e1d - Kreat\u00edv+Hobby Alkot\u00f3m\u0171hely","og_description":"Csak katt a k\u00e9pekre \u00e9s megny\u00edlik az ingyenes minta!\u00a0 &nbsp; Related Post Dekup\u00e1zsolt d\u00edszdobozok Vid\u00e1m horgolt sz\u0151nyeg Horgolt kar\u00e1csonyfa szoknya Gyors amerikai alm\u00e1s pite","og_url":"https:\/\/kreativeshobby.hu\/index.php\/horgolt-oszi-szinkavalkad\/","og_site_name":"Kreat\u00edv+Hobby Alkot\u00f3m\u0171hely","article_modified_time":"2021-03-17T13:47:54+00:00","og_image":[{"url":"https:\/\/s.w.org\/images\/core\/emoji\/11.2.0\/svg\/1f642.svg"}],"twitter_card":"summary_large_image","schema":{"@context":"https:\/\/schema.org","@graph":[{"@type":"WebPage","@id":"https:\/\/kreativeshobby.hu\/index.php\/horgolt-oszi-szinkavalkad\/","url":"https:\/\/kreativeshobby.hu\/index.php\/horgolt-oszi-szinkavalkad\/","name":"Horgolt \u0151szi sz\u00ednkavalk\u00e1d - Kreat\u00edv+Hobby Alkot\u00f3m\u0171hely","isPartOf":{"@id":"https:\/\/kreativeshobby.hu\/#website"},"datePublished":"2021-03-16T20:10:38+00:00","dateModified":"2021-03-17T13:47:54+00:00","breadcrumb":{"@id":"https:\/\/kreativeshobby.hu\/index.php\/horgolt-oszi-szinkavalkad\/#breadcrumb"},"inLanguage":"hu","potentialAction":[{"@type":"ReadAction","target":["https:\/\/kreativeshobby.hu\/index.php\/horgolt-oszi-szinkavalkad\/"]}]},{"@type":"BreadcrumbList","@id":"https:\/\/kreativeshobby.hu\/index.php\/horgolt-oszi-szinkavalkad\/#breadcrumb","itemListElement":[{"@type":"ListItem","position":1,"name":"Kezd\u0151lap","item":"https:\/\/kreativeshobby.hu\/"},{"@type":"ListItem","position":2,"name":"Horgolt \u0151szi sz\u00ednkavalk\u00e1d"}]},{"@type":"WebSite","@id":"https:\/\/kreativeshobby.hu\/#website","url":"https:\/\/kreativeshobby.hu\/","name":"Kreat\u00edv+Hobby Alkot\u00f3m\u0171hely","description":"Ingyenes horgol\u00e1s mint\u00e1k     |     kreat\u00edv hobby-technik\u00e1k     |     j\u00f3l bev\u00e1lt s\u00fcti receptek","potentialAction":[{"@type":"SearchAction","target":{"@type":"EntryPoint","urlTemplate":"https:\/\/kreativeshobby.hu\/?s={search_term_string}"},"query-input":"required name=search_term_string"}],"inLanguage":"hu"}]}},"_links":{"self":[{"href":"https:\/\/kreativeshobby.hu\/index.php\/wp-json\/wp\/v2\/pages\/10532","targetHints":{"allow":["GET"]}}],"collection":[{"href":"https:\/\/kreativeshobby.hu\/index.php\/wp-json\/wp\/v2\/pages"}],"about":[{"href":"https:\/\/kreativeshobby.hu\/index.php\/wp-json\/wp\/v2\/types\/page"}],"author":[{"embeddable":true,"href":"https:\/\/kreativeshobby.hu\/index.php\/wp-json\/wp\/v2\/users\/4"}],"replies":[{"embeddable":true,"href":"https:\/\/kreativeshobby.hu\/index.php\/wp-json\/wp\/v2\/comments?post=10532"}],"version-history":[{"count":5,"href":"https:\/\/kreativeshobby.hu\/index.php\/wp-json\/wp\/v2\/pages\/10532\/revisions"}],"predecessor-version":[{"id":10637,"href":"https:\/\/kreativeshobby.hu\/index.php\/wp-json\/wp\/v2\/pages\/10532\/revisions\/10637"}],"wp:attachment":[{"href":"https:\/\/kreativeshobby.hu\/index.php\/wp-json\/wp\/v2\/media?parent=10532"}],"curies":[{"name":"wp","href":"https:\/\/api.w.org\/{rel}","templated":true}]}}