{"id":10524,"date":"2021-03-16T21:09:07","date_gmt":"2021-03-16T20:09:07","guid":{"rendered":"https:\/\/kreativeshobby.hu\/?page_id=10524"},"modified":"2021-03-24T14:39:55","modified_gmt":"2021-03-24T13:39:55","slug":"mazsolazgass-kepek-alapjan","status":"publish","type":"page","link":"https:\/\/kreativeshobby.hu\/index.php\/mazsolazgass-kepek-alapjan\/","title":{"rendered":"Mazsol\u00e1zgass k\u00e9pek alapj\u00e1n!"},"content":{"rendered":"<p><a href=\"https:\/\/kreativeshobby.hu\/wp-content\/uploads\/2021\/03\/szeretekhorgolni.png\" rel=\"lightbox[10524]\"><img loading=\"lazy\" decoding=\"async\" class=\"size-medium wp-image-10663 alignleft\" src=\"https:\/\/kreativeshobby.hu\/wp-content\/uploads\/2021\/03\/szeretekhorgolni-224x300.png\" alt=\"\" width=\"224\" height=\"300\" srcset=\"https:\/\/kreativeshobby.hu\/wp-content\/uploads\/2021\/03\/szeretekhorgolni-224x300.png 224w, https:\/\/kreativeshobby.hu\/wp-content\/uploads\/2021\/03\/szeretekhorgolni.png 612w\" sizes=\"auto, (max-width: 224px) 100vw, 224px\" \/><\/a><\/p>\n<!-- Facebook Page Plugin by Medust: http:\/\/medust.com -->\r\n\t\t<div class=\"fb-recommendations-bar\" data-href=\"https:\/\/kreativeshobby.hu\/index.php\/mazsolazgass-kepek-alapjan\/\" data-read-time=\"25\" data-side=\"\" data-action=\"like\"><\/div><!-- Begin Yuzo --><div class='yuzo_related_post style-1'  data-version='5.12.80'><!-- without result --><div class='yuzo_clearfixed yuzo__title yuzo__title'><h3>Related Post<\/h3><\/div>\n\t\t\t\t\t\t  <div class=\"relatedthumb \" style=\"width:125px;float:left;overflow:hidden;\">  \n\t\t\t\t\t\t\t  \n\t\t\t\t\t\t\t  <a  href=\"https:\/\/kreativeshobby.hu\/index.php\/2015\/08\/16\/az-african-flower-afrikai-virag-minta\/\"  >\n\t\t\t\t\t\t\t\t\t  <div class=\"yuzo-img-wrap \" style=\"width: 125px;height:90px;\">\n\t\t\t\t\t\t\t\t\t\t\n\t\t\t\t\t\t\t\t\t\t<div class=\"yuzo-img\" style=\"background:url('https:\/\/kreativeshobby.hu\/wp-content\/uploads\/2016\/03\/20150813_175358-150x150.jpg') 50% 50% no-repeat;width: 125px;height:90px;margin-bottom: 5px;background-size: cover; \"><\/div>\n\t\t\t\t\t\t\t\t\t  <\/div>\n\t\t\t\t\t\t\t\t\t  \n\t\t\t\t\t\t\t\t   <span class=\"yuzo__text--title\" style=\"font-size:13px;\">A horgolt african flower (afrikai vir\u00e1g) minta<\/span>\n\t\t\t\t\t\t\t  \n\t\t\t\t\t\t\t  \n\t\t\t\t\t\t\t  <\/a>\n\n\t\t\t\t\t\t  <\/div>\n\t\t\t\t\t\t  <div class=\"relatedthumb \" style=\"width:125px;float:left;overflow:hidden;\">  \n\t\t\t\t\t\t\t  \n\t\t\t\t\t\t\t  <a  href=\"https:\/\/kreativeshobby.hu\/index.php\/2016\/01\/06\/horgolt-kockas-sal\/\"  >\n\t\t\t\t\t\t\t\t\t  <div class=\"yuzo-img-wrap \" style=\"width: 125px;height:90px;\">\n\t\t\t\t\t\t\t\t\t\t\n\t\t\t\t\t\t\t\t\t\t<div class=\"yuzo-img\" style=\"background:url('https:\/\/kreativeshobby.hu\/wp-content\/uploads\/2016\/01\/20160106_083756-e1452069140519-150x150.jpg') 50% 50% no-repeat;width: 125px;height:90px;margin-bottom: 5px;background-size: cover; \"><\/div>\n\t\t\t\t\t\t\t\t\t  <\/div>\n\t\t\t\t\t\t\t\t\t  \n\t\t\t\t\t\t\t\t   <span class=\"yuzo__text--title\" style=\"font-size:13px;\">Horgolt kock\u00e1s s\u00e1l<\/span>\n\t\t\t\t\t\t\t  \n\t\t\t\t\t\t\t  \n\t\t\t\t\t\t\t  <\/a>\n\n\t\t\t\t\t\t  <\/div>\n\t\t\t\t\t\t  <div class=\"relatedthumb \" style=\"width:125px;float:left;overflow:hidden;\">  \n\t\t\t\t\t\t\t  \n\t\t\t\t\t\t\t  <a  href=\"https:\/\/kreativeshobby.hu\/index.php\/2016\/05\/13\/horgolt-bagoly-halozsak-kisbabaknak\/\"  >\n\t\t\t\t\t\t\t\t\t  <div class=\"yuzo-img-wrap \" style=\"width: 125px;height:90px;\">\n\t\t\t\t\t\t\t\t\t\t\n\t\t\t\t\t\t\t\t\t\t<div class=\"yuzo-img\" style=\"background:url('https:\/\/kreativeshobby.hu\/wp-content\/uploads\/2016\/05\/20160513_101055-e1463174273324-150x150.jpg') 50% 50% no-repeat;width: 125px;height:90px;margin-bottom: 5px;background-size: cover; \"><\/div>\n\t\t\t\t\t\t\t\t\t  <\/div>\n\t\t\t\t\t\t\t\t\t  \n\t\t\t\t\t\t\t\t   <span class=\"yuzo__text--title\" style=\"font-size:13px;\">Horgolt bagoly-h\u00e1l\u00f3zs\u00e1k kisbab\u00e1knak 1.<\/span>\n\t\t\t\t\t\t\t  \n\t\t\t\t\t\t\t  \n\t\t\t\t\t\t\t  <\/a>\n\n\t\t\t\t\t\t  <\/div>\n\t\t\t\t\t\t  <div class=\"relatedthumb \" style=\"width:125px;float:left;overflow:hidden;\">  \n\t\t\t\t\t\t\t  \n\t\t\t\t\t\t\t  <a  href=\"https:\/\/kreativeshobby.hu\/index.php\/2016\/04\/09\/a-korlap-horgolas-szabalyai\/\"  >\n\t\t\t\t\t\t\t\t\t  <div class=\"yuzo-img-wrap \" style=\"width: 125px;height:90px;\">\n\t\t\t\t\t\t\t\t\t\t\n\t\t\t\t\t\t\t\t\t\t<div class=\"yuzo-img\" style=\"background:url('https:\/\/kreativeshobby.hu\/wp-content\/uploads\/2016\/04\/20160409_141540-e1460226683785-150x150.jpg') 50% 50% no-repeat;width: 125px;height:90px;margin-bottom: 5px;background-size: cover; \"><\/div>\n\t\t\t\t\t\t\t\t\t  <\/div>\n\t\t\t\t\t\t\t\t\t  \n\t\t\t\t\t\t\t\t   <span class=\"yuzo__text--title\" style=\"font-size:13px;\">A k\u00f6r(lap) horgol\u00e1s szab\u00e1lyai<\/span>\n\t\t\t\t\t\t\t  \n\t\t\t\t\t\t\t  \n\t\t\t\t\t\t\t  <\/a>\n\n\t\t\t\t\t\t  <\/div>\n<\/div> <style>\n\t\t\t\t\t\t\t\t.yuzo_related_post img{width:120px !important; height:110px !important;}\n\t\t\t\t\t\t\t\t.yuzo_related_post .relatedthumb{line-height:15px;background: !important;color:!important;}\n\t\t\t\t\t\t\t\t.yuzo_related_post .relatedthumb:hover{background:#fcfcf4 !important; -webkit-transition: background 0.2s linear; -moz-transition: background 0.2s linear; -o-transition: background 0.2s linear; transition: background 0.2s linear;;color:!important;}\n\t\t\t\t\t\t\t\t.yuzo_related_post .relatedthumb a{color:!important;}\n\t\t\t\t\t\t\t\t.yuzo_related_post .relatedthumb a:hover{ color:}!important;}\n\t\t\t\t\t\t\t\t.yuzo_related_post .relatedthumb:hover a{ color:!important;}\n\t\t\t\t\t\t\t\t.yuzo_related_post .yuzo_text {color:!important;}\n\t\t\t\t\t\t\t\t.yuzo_related_post .relatedthumb:hover .yuzo_text {color:!important;}\n\t\t\t\t\t\t\t\t.yuzo_related_post .relatedthumb{  margin: 0px  0px  0px  0px;   padding: 5px  5px  5px  5px;  }\n\t\t\t\t\t\t\t\t\n\t\t\t\t\t\t\t\t<\/style> <script>\n\t\t\t\t\t\t  jQuery(document).ready(function( $ ){\n\t\t\t\t\t\t\t\/\/jQuery('.yuzo_related_post').equalizer({ overflow : 'relatedthumb' });\n\t\t\t\t\t\t\tjQuery('.yuzo_related_post .yuzo_wraps').equalizer({ columns : '> div' });\n\t\t\t\t\t\t   })\n\t\t\t\t\t\t  <\/script> <!-- End Yuzo :) -->","protected":false},"excerpt":{"rendered":"<p>Related Post Horgolt k\u00f6nyvjelz\u0151k 1.: Minion St\u00edlusos csomagol\u00e1s cip\u0151s dobozb\u00f3l Egyszer\u0171 kis horgolt masni Glut\u00e9nmentes t\u00far\u00f3s muffin<\/p>\n<p><a class='more-link' href='https:\/\/kreativeshobby.hu\/index.php\/mazsolazgass-kepek-alapjan\/'>Olvass tov\u00e1bb<span class='screen-reader-text'>Mazsol\u00e1zgass k\u00e9pek alapj\u00e1n!<\/span><\/a><\/p>","protected":false},"author":4,"featured_media":0,"parent":0,"menu_order":0,"comment_status":"closed","ping_status":"closed","template":"","meta":{"_mi_skip_tracking":false,"_exactmetrics_sitenote_active":false,"_exactmetrics_sitenote_note":"","_exactmetrics_sitenote_category":0,"footnotes":""},"class_list":["post-10524","page","type-page","status-publish","hentry","entry"],"yoast_head":"<!-- This site is optimized with the Yoast SEO plugin v21.2 - https:\/\/yoast.com\/wordpress\/plugins\/seo\/ -->\n<title>Mazsol\u00e1zgass k\u00e9pek alapj\u00e1n! - Kreat\u00edv+Hobby Alkot\u00f3m\u0171hely<\/title>\n<meta name=\"robots\" content=\"index, follow, max-snippet:-1, max-image-preview:large, max-video-preview:-1\" \/>\n<link rel=\"canonical\" href=\"https:\/\/kreativeshobby.hu\/index.php\/mazsolazgass-kepek-alapjan\/\" \/>\n<meta property=\"og:locale\" content=\"hu_HU\" \/>\n<meta property=\"og:type\" content=\"article\" \/>\n<meta property=\"og:title\" content=\"Mazsol\u00e1zgass k\u00e9pek alapj\u00e1n! - Kreat\u00edv+Hobby Alkot\u00f3m\u0171hely\" \/>\n<meta property=\"og:description\" content=\"Related Post Horgolt toj\u00e1stakar\u00f3 mint\u00e1k 6. Horgolt Mickey eg\u00e9r-s\u00e1l Kert\u00e9sz Nyuszk\u00f3 (amigurumi) Hogy m\u00e9g \u00e9desebb legyen a v\u00e1rakoz\u00e1s 2.: Textil dek...\" \/>\n<meta property=\"og:url\" content=\"https:\/\/kreativeshobby.hu\/index.php\/mazsolazgass-kepek-alapjan\/\" \/>\n<meta property=\"og:site_name\" content=\"Kreat\u00edv+Hobby Alkot\u00f3m\u0171hely\" \/>\n<meta property=\"article:modified_time\" content=\"2021-03-24T13:39:55+00:00\" \/>\n<meta property=\"og:image\" content=\"https:\/\/kreativeshobby.hu\/wp-content\/uploads\/2021\/03\/szeretekhorgolni-224x300.png\" \/>\n<meta name=\"twitter:card\" content=\"summary_large_image\" \/>\n<script type=\"application\/ld+json\" class=\"yoast-schema-graph\">{\"@context\":\"https:\/\/schema.org\",\"@graph\":[{\"@type\":\"WebPage\",\"@id\":\"https:\/\/kreativeshobby.hu\/index.php\/mazsolazgass-kepek-alapjan\/\",\"url\":\"https:\/\/kreativeshobby.hu\/index.php\/mazsolazgass-kepek-alapjan\/\",\"name\":\"Mazsol\u00e1zgass k\u00e9pek alapj\u00e1n! - Kreat\u00edv+Hobby Alkot\u00f3m\u0171hely\",\"isPartOf\":{\"@id\":\"https:\/\/kreativeshobby.hu\/#website\"},\"datePublished\":\"2021-03-16T20:09:07+00:00\",\"dateModified\":\"2021-03-24T13:39:55+00:00\",\"breadcrumb\":{\"@id\":\"https:\/\/kreativeshobby.hu\/index.php\/mazsolazgass-kepek-alapjan\/#breadcrumb\"},\"inLanguage\":\"hu\",\"potentialAction\":[{\"@type\":\"ReadAction\",\"target\":[\"https:\/\/kreativeshobby.hu\/index.php\/mazsolazgass-kepek-alapjan\/\"]}]},{\"@type\":\"BreadcrumbList\",\"@id\":\"https:\/\/kreativeshobby.hu\/index.php\/mazsolazgass-kepek-alapjan\/#breadcrumb\",\"itemListElement\":[{\"@type\":\"ListItem\",\"position\":1,\"name\":\"Kezd\u0151lap\",\"item\":\"https:\/\/kreativeshobby.hu\/\"},{\"@type\":\"ListItem\",\"position\":2,\"name\":\"Mazsol\u00e1zgass k\u00e9pek alapj\u00e1n!\"}]},{\"@type\":\"WebSite\",\"@id\":\"https:\/\/kreativeshobby.hu\/#website\",\"url\":\"https:\/\/kreativeshobby.hu\/\",\"name\":\"Kreat\u00edv+Hobby Alkot\u00f3m\u0171hely\",\"description\":\"Ingyenes horgol\u00e1s mint\u00e1k     |     kreat\u00edv hobby-technik\u00e1k     |     j\u00f3l bev\u00e1lt s\u00fcti receptek\",\"potentialAction\":[{\"@type\":\"SearchAction\",\"target\":{\"@type\":\"EntryPoint\",\"urlTemplate\":\"https:\/\/kreativeshobby.hu\/?s={search_term_string}\"},\"query-input\":\"required name=search_term_string\"}],\"inLanguage\":\"hu\"}]}<\/script>\n<!-- \/ Yoast SEO plugin. -->","yoast_head_json":{"title":"Mazsol\u00e1zgass k\u00e9pek alapj\u00e1n! - Kreat\u00edv+Hobby Alkot\u00f3m\u0171hely","robots":{"index":"index","follow":"follow","max-snippet":"max-snippet:-1","max-image-preview":"max-image-preview:large","max-video-preview":"max-video-preview:-1"},"canonical":"https:\/\/kreativeshobby.hu\/index.php\/mazsolazgass-kepek-alapjan\/","og_locale":"hu_HU","og_type":"article","og_title":"Mazsol\u00e1zgass k\u00e9pek alapj\u00e1n! - Kreat\u00edv+Hobby Alkot\u00f3m\u0171hely","og_description":"Related Post Horgolt toj\u00e1stakar\u00f3 mint\u00e1k 6. Horgolt Mickey eg\u00e9r-s\u00e1l Kert\u00e9sz Nyuszk\u00f3 (amigurumi) Hogy m\u00e9g \u00e9desebb legyen a v\u00e1rakoz\u00e1s 2.: Textil dek...","og_url":"https:\/\/kreativeshobby.hu\/index.php\/mazsolazgass-kepek-alapjan\/","og_site_name":"Kreat\u00edv+Hobby Alkot\u00f3m\u0171hely","article_modified_time":"2021-03-24T13:39:55+00:00","og_image":[{"url":"https:\/\/kreativeshobby.hu\/wp-content\/uploads\/2021\/03\/szeretekhorgolni-224x300.png"}],"twitter_card":"summary_large_image","schema":{"@context":"https:\/\/schema.org","@graph":[{"@type":"WebPage","@id":"https:\/\/kreativeshobby.hu\/index.php\/mazsolazgass-kepek-alapjan\/","url":"https:\/\/kreativeshobby.hu\/index.php\/mazsolazgass-kepek-alapjan\/","name":"Mazsol\u00e1zgass k\u00e9pek alapj\u00e1n! - Kreat\u00edv+Hobby Alkot\u00f3m\u0171hely","isPartOf":{"@id":"https:\/\/kreativeshobby.hu\/#website"},"datePublished":"2021-03-16T20:09:07+00:00","dateModified":"2021-03-24T13:39:55+00:00","breadcrumb":{"@id":"https:\/\/kreativeshobby.hu\/index.php\/mazsolazgass-kepek-alapjan\/#breadcrumb"},"inLanguage":"hu","potentialAction":[{"@type":"ReadAction","target":["https:\/\/kreativeshobby.hu\/index.php\/mazsolazgass-kepek-alapjan\/"]}]},{"@type":"BreadcrumbList","@id":"https:\/\/kreativeshobby.hu\/index.php\/mazsolazgass-kepek-alapjan\/#breadcrumb","itemListElement":[{"@type":"ListItem","position":1,"name":"Kezd\u0151lap","item":"https:\/\/kreativeshobby.hu\/"},{"@type":"ListItem","position":2,"name":"Mazsol\u00e1zgass k\u00e9pek alapj\u00e1n!"}]},{"@type":"WebSite","@id":"https:\/\/kreativeshobby.hu\/#website","url":"https:\/\/kreativeshobby.hu\/","name":"Kreat\u00edv+Hobby Alkot\u00f3m\u0171hely","description":"Ingyenes horgol\u00e1s mint\u00e1k     |     kreat\u00edv hobby-technik\u00e1k     |     j\u00f3l bev\u00e1lt s\u00fcti receptek","potentialAction":[{"@type":"SearchAction","target":{"@type":"EntryPoint","urlTemplate":"https:\/\/kreativeshobby.hu\/?s={search_term_string}"},"query-input":"required name=search_term_string"}],"inLanguage":"hu"}]}},"_links":{"self":[{"href":"https:\/\/kreativeshobby.hu\/index.php\/wp-json\/wp\/v2\/pages\/10524","targetHints":{"allow":["GET"]}}],"collection":[{"href":"https:\/\/kreativeshobby.hu\/index.php\/wp-json\/wp\/v2\/pages"}],"about":[{"href":"https:\/\/kreativeshobby.hu\/index.php\/wp-json\/wp\/v2\/types\/page"}],"author":[{"embeddable":true,"href":"https:\/\/kreativeshobby.hu\/index.php\/wp-json\/wp\/v2\/users\/4"}],"replies":[{"embeddable":true,"href":"https:\/\/kreativeshobby.hu\/index.php\/wp-json\/wp\/v2\/comments?post=10524"}],"version-history":[{"count":2,"href":"https:\/\/kreativeshobby.hu\/index.php\/wp-json\/wp\/v2\/pages\/10524\/revisions"}],"predecessor-version":[{"id":10792,"href":"https:\/\/kreativeshobby.hu\/index.php\/wp-json\/wp\/v2\/pages\/10524\/revisions\/10792"}],"wp:attachment":[{"href":"https:\/\/kreativeshobby.hu\/index.php\/wp-json\/wp\/v2\/media?parent=10524"}],"curies":[{"name":"wp","href":"https:\/\/api.w.org\/{rel}","templated":true}]}}